{"id":2329,"date":"2024-02-29T18:26:31","date_gmt":"2024-02-29T16:26:31","guid":{"rendered":"https:\/\/silverbooks.eu\/guia-de-implementacao\/"},"modified":"2024-03-01T17:28:39","modified_gmt":"2024-03-01T15:28:39","slug":"guia-de-implementacao","status":"publish","type":"page","link":"https:\/\/silverbooks.eu\/pt-pt\/guia-de-implementacao\/","title":{"rendered":"Guia de implementa\u00e7\u00e3o"},"content":{"rendered":"<p>[et_pb_section fb_built=&#8221;1&#8243; _builder_version=&#8221;4.20.2&#8243; _module_preset=&#8221;default&#8221; custom_margin=&#8221;||100px||false|false&#8221; custom_margin_tablet=&#8221;||8%||false|false&#8221; custom_margin_phone=&#8221;||50px||false|false&#8221; custom_margin_last_edited=&#8221;on|phone&#8221; custom_padding=&#8221;0px||0px||true|false&#8221; global_colors_info=&#8221;{}&#8221;][et_pb_row column_structure=&#8221;1_2,1_2&#8243; use_custom_gutter=&#8221;on&#8221; gutter_width=&#8221;1&#8243; make_equal=&#8221;on&#8221; _builder_version=&#8221;4.24.2&#8243; _module_preset=&#8221;default&#8221; background_image=&#8221;https:\/\/silverbooks.eu\/wp-content\/uploads\/2023\/04\/caregiver-and-patient.jpg&#8221; custom_padding=&#8221;0px||0px||true|false&#8221; global_colors_info=&#8221;{}&#8221;][et_pb_column type=&#8221;1_2&#8243; module_class=&#8221;page-header__text&#8221; _builder_version=&#8221;4.24.2&#8243; _module_preset=&#8221;default&#8221; use_background_color_gradient=&#8221;on&#8221; background_color_gradient_direction=&#8221;45deg&#8221; background_color_gradient_stops=&#8221;#e6e7eb 0%|#ebd49b 100%&#8221; custom_padding=&#8221;8%|8%|8%|8%|true|true&#8221; custom_padding_tablet=&#8221;8%|8%|8%|8%|true|true&#8221; custom_padding_phone=&#8221;50px|50px|50px|50px|true|true&#8221; custom_padding_last_edited=&#8221;on|phone&#8221; global_colors_info=&#8221;{}&#8221;][et_pb_text _builder_version=&#8221;4.20.2&#8243; _dynamic_attributes=&#8221;content&#8221; _module_preset=&#8221;default&#8221; text_font_size=&#8221;1.88rem&#8221; custom_margin=&#8221;||auto||false|false&#8221; global_colors_info=&#8221;{}&#8221;]@ET-DC@eyJkeW5hbWljIjp0cnVlLCJjb250ZW50IjoicG9zdF90aXRsZSIsInNldHRpbmdzIjp7ImJlZm9yZSI6IjxoMT4iLCJhZnRlciI6IjxcL2gxPiJ9fQ==@[\/et_pb_text][\/et_pb_column][et_pb_column type=&#8221;1_2&#8243; _builder_version=&#8221;4.24.2&#8243; _module_preset=&#8221;default&#8221; background_image=&#8221;https:\/\/silverbooks.eu\/wp-content\/uploads\/2023\/04\/caregiver-and-patient.jpg&#8221; custom_padding=&#8221;||50%||false|false&#8221; custom_padding_tablet=&#8221;||100%||false|false&#8221; custom_padding_phone=&#8221;||100%||false|false&#8221; custom_padding_last_edited=&#8221;on|tablet&#8221; global_colors_info=&#8221;{}&#8221;][et_pb_code raw_content_tablet=&#8221;%91lesapprimeurs_keycap key=%22S%22 style=%22color:var(&#8211;brown); font-size:120px;%22%93&#8243; raw_content_phone=&#8221;%91lesapprimeurs_keycap key=%22S%22 style=%22color:var(&#8211;brown); font-size:14.5vw;%22%93&#8243; raw_content_last_edited=&#8221;on|phone&#8221; module_class=&#8221;home-sub__keycap1&#8243; _builder_version=&#8221;4.24.2&#8243; _module_preset=&#8221;default&#8221; transform_translate=&#8221;-50%|0px&#8221; transform_translate_linked=&#8221;off&#8221; transform_rotate=&#8221;0deg|0deg|-45deg&#8221; positioning=&#8221;absolute&#8221; vertical_offset=&#8221;16%&#8221; hover_enabled=&#8221;0&#8243; locked=&#8221;off&#8221; global_colors_info=&#8221;{}&#8221; sticky_enabled=&#8221;0&#8243;]<div class=\"keycap\" data-key=\"S\" style=\"color:var(--brown); font-size:120px;\">    <svg class=\"icon icon-keycap\">        <use xlink:href=\"#icon-keycap\"><\/use>    <\/svg><\/div>[\/et_pb_code][et_pb_code raw_content_tablet=&#8221;%91lesapprimeurs_keycap key=%22B%22 style=%22color:var(&#8211;brown); font-size:120px;%22%93&#8243; raw_content_phone=&#8221;%91lesapprimeurs_keycap key=%22B%22 style=%22color:var(&#8211;brown); font-size:14.5vw;%22%93&#8243; raw_content_last_edited=&#8221;on|phone&#8221; module_class=&#8221;home-sub__keycap2&#8243; _builder_version=&#8221;4.24.2&#8243; _module_preset=&#8221;default&#8221; transform_translate=&#8221;50%|0px&#8221; transform_translate_linked=&#8221;off&#8221; positioning=&#8221;absolute&#8221; position_origin_a=&#8221;bottom_right&#8221; vertical_offset=&#8221;16%&#8221; hover_enabled=&#8221;0&#8243; locked=&#8221;off&#8221; global_colors_info=&#8221;{}&#8221; sticky_enabled=&#8221;0&#8243;]<div class=\"keycap\" data-key=\"B\" style=\"color:var(--brown); font-size:120px;\">    <svg class=\"icon icon-keycap\">        <use xlink:href=\"#icon-keycap\"><\/use>    <\/svg><\/div>[\/et_pb_code][\/et_pb_column][\/et_pb_row][et_pb_row column_structure=&#8221;1_3,2_3&#8243; use_custom_gutter=&#8221;on&#8221; gutter_width=&#8221;1&#8243; make_equal=&#8221;on&#8221; disabled_on=&#8221;off|off|off&#8221; _builder_version=&#8221;4.24.2&#8243; _module_preset=&#8221;default&#8221; background_enable_image=&#8221;off&#8221; custom_margin=&#8221;100px||0px||false|false&#8221; custom_margin_tablet=&#8221;8%||||false|false&#8221; custom_margin_phone=&#8221;8%||||false|false&#8221; custom_margin_last_edited=&#8221;on|desktop&#8221; custom_padding=&#8221;0px||0px||true|false&#8221; hover_enabled=&#8221;0&#8243; locked=&#8221;off&#8221; global_colors_info=&#8221;{}&#8221; sticky_enabled=&#8221;0&#8243;][et_pb_column type=&#8221;1_3&#8243; _builder_version=&#8221;4.24.2&#8243; _module_preset=&#8221;default&#8221; custom_padding=&#8221;||||false|false&#8221; custom_padding_tablet=&#8221;||100%||false|false&#8221; custom_padding_phone=&#8221;||100%||false|false&#8221; custom_padding_last_edited=&#8221;off|desktop&#8221; hover_enabled=&#8221;0&#8243; global_colors_info=&#8221;{}&#8221; sticky_enabled=&#8221;0&#8243;][et_pb_image title_text=&#8221;implementation-guide_pt&#8221; module_class=&#8221;implementation-guide&#8221; _builder_version=&#8221;4.24.2&#8243; _module_preset=&#8221;default&#8221; use_background_color_gradient=&#8221;on&#8221; background_color_gradient_direction=&#8221;45deg&#8221; background_color_gradient_stops=&#8221;#e6e7eb 0%|#ebd49b 100%&#8221; background_image=&#8221;https:\/\/silverbooks.eu\/wp-content\/uploads\/2024\/03\/implementation-guide_pt.png&#8221; background_size=&#8221;contain&#8221; height=&#8221;0px&#8221; custom_padding=&#8221;100%||||false|false&#8221; hover_enabled=&#8221;0&#8243; global_colors_info=&#8221;{}&#8221; sticky_enabled=&#8221;0&#8243;][\/et_pb_image][et_pb_code module_class=&#8221;btn-download&#8221; _builder_version=&#8221;4.24.2&#8243; _module_preset=&#8221;default&#8221; background_color=&#8221;#4B4B4C&#8221; custom_padding=&#8221;20px|30px|20px|30px|true|true&#8221; link_option_url=&#8221;\/wp-content\/uploads\/2024\/03\/Silver-Books-implementation-guide-PT-1.pdf&#8221; link_option_url_new_window=&#8221;on&#8221; global_colors_info=&#8221;{}&#8221;]Descarregar[\/et_pb_code][\/et_pb_column][et_pb_column type=&#8221;2_3&#8243; _builder_version=&#8221;4.24.2&#8243; _module_preset=&#8221;default&#8221; custom_padding=&#8221;||||false|false&#8221; custom_padding_tablet=&#8221;||100%||false|false&#8221; custom_padding_phone=&#8221;||100%||false|false&#8221; custom_padding_last_edited=&#8221;off|desktop&#8221; hover_enabled=&#8221;0&#8243; global_colors_info=&#8221;{}&#8221; sticky_enabled=&#8221;0&#8243;][et_pb_text _builder_version=&#8221;4.24.2&#8243; _module_preset=&#8221;default&#8221; hover_enabled=&#8221;0&#8243; sticky_enabled=&#8221;0&#8243; max_width=&#8221;760px&#8221; custom_padding_last_edited=&#8221;on|tablet&#8221; custom_padding=&#8221;|||100px|false|false&#8221; custom_padding_tablet=&#8221;50px|||0px|false|false&#8221; custom_padding_phone=&#8221;50px|||0px|false|false&#8221;]<\/p>\n<p>O guia de implementa\u00e7\u00e3o \u00e9 um resumo dos resultados alcan\u00e7ados durante o projeto.<\/p>\n<p>O guia inclui boas pr\u00e1ticas sobre como envolver o grupo -alvo num processo criativo utilizando ferramentas digitais, conselhos sobre como partilhar e transmitir conhecimentos e experi\u00eancias, bem como informa\u00e7\u00f5es \u00fateis para melhorar as compet\u00eancias interpessoais, a empatia e as compet\u00eancias digitais dos profissionais que trabalham com pessoas idosas.<\/p>\n<p>[\/et_pb_text][\/et_pb_column][\/et_pb_row][\/et_pb_section]<\/p>\n","protected":false},"excerpt":{"rendered":"<p><div class=\"keycap\" data-key=\"S\" style=\"color:var(--brown); font-size:120px;\">    <svg class=\"icon icon-keycap\">        <use xlink:href=\"#icon-keycap\"><\/use>    <\/svg><\/div><div class=\"keycap\" data-key=\"B\" style=\"color:var(--brown); font-size:120px;\">    <svg class=\"icon icon-keycap\">        <use xlink:href=\"#icon-keycap\"><\/use>    <\/svg><\/div>O guia de implementa\u00e7\u00e3o \u00e9 um resumo dos resultados alcan\u00e7ados durante o projeto. O guia inclui boas pr\u00e1ticas sobre como envolver o grupo -alvo num processo criativo utilizando ferramentas digitais, conselhos sobre como partilhar e transmitir conhecimentos e experi\u00eancias, bem como informa\u00e7\u00f5es \u00fateis para melhorar as compet\u00eancias interpessoais, a [&hellip;]<\/p>\n","protected":false},"author":1,"featured_media":0,"parent":0,"menu_order":0,"comment_status":"closed","ping_status":"closed","template":"","meta":{"_acf_changed":false,"_et_pb_use_builder":"on","_et_pb_old_content":"","_et_gb_content_width":"","footnotes":""},"class_list":["post-2329","page","type-page","status-publish","hentry"],"acf":[],"_links":{"self":[{"href":"https:\/\/silverbooks.eu\/pt-pt\/wp-json\/wp\/v2\/pages\/2329","targetHints":{"allow":["GET"]}}],"collection":[{"href":"https:\/\/silverbooks.eu\/pt-pt\/wp-json\/wp\/v2\/pages"}],"about":[{"href":"https:\/\/silverbooks.eu\/pt-pt\/wp-json\/wp\/v2\/types\/page"}],"author":[{"embeddable":true,"href":"https:\/\/silverbooks.eu\/pt-pt\/wp-json\/wp\/v2\/users\/1"}],"replies":[{"embeddable":true,"href":"https:\/\/silverbooks.eu\/pt-pt\/wp-json\/wp\/v2\/comments?post=2329"}],"version-history":[{"count":3,"href":"https:\/\/silverbooks.eu\/pt-pt\/wp-json\/wp\/v2\/pages\/2329\/revisions"}],"predecessor-version":[{"id":2332,"href":"https:\/\/silverbooks.eu\/pt-pt\/wp-json\/wp\/v2\/pages\/2329\/revisions\/2332"}],"wp:attachment":[{"href":"https:\/\/silverbooks.eu\/pt-pt\/wp-json\/wp\/v2\/media?parent=2329"}],"curies":[{"name":"wp","href":"https:\/\/api.w.org\/{rel}","templated":true}]}}