{"id":1228,"date":"2023-04-07T11:49:18","date_gmt":"2023-04-07T09:49:18","guid":{"rendered":"https:\/\/silverbooks.eu\/o-projecto\/"},"modified":"2023-09-28T10:19:25","modified_gmt":"2023-09-28T08:19:25","slug":"o-projecto","status":"publish","type":"page","link":"https:\/\/silverbooks.eu\/pt-pt\/o-projecto\/","title":{"rendered":"O projecto"},"content":{"rendered":"\n<p>O nosso objetivo \u00e9 combinar uma introdu\u00e7\u00e3o \u00e0s ferramentas digitais com a transmiss\u00e3o de conhecimentos, pr\u00e1ticas e experi\u00eancias dos mais velhos para os mais novos. Um dos sentimentos mais comuns entre os idosos \u00e9 o de serem &#8220;obsoletos&#8221; num mundo em constante mudan\u00e7a. No entanto, os idosos sempre foram ativos na vida e na sociedade, e podem continuar a s\u00ea-lo, por exemplo, atrav\u00e9s da partilha e do interc\u00e2mbio. Durante o projeto, os idosos s\u00e3o convidados a partilhar uma compet\u00eancia ou uma experi\u00eancia sob a forma de um livro digital escrito e\/ou sonoro (receitas favoritas, segredos de jardinagem, di\u00e1rio de viagem, etc.) sobre um tema \u00e0 sua escolha. O objetivo \u00e9 tamb\u00e9m integrar uma experi\u00eancia e um sentimento pessoais numa mem\u00f3ria coletiva.<\/p>\n\n<h2 class=\"wp-block-heading\">Os objetivos<\/h2>\n\n<ul class=\"wp-block-list\">\n<li>Introduzir os idosos na tecnologia digital atrav\u00e9s da cria\u00e7\u00e3o de livros digitais;<\/li>\n\n\n\n<li>Envolver os idosos no mundo digital, colocando-os como criadores de conte\u00fados;<\/li>\n\n\n\n<li>Promover as compet\u00eancias transversais e as compet\u00eancias digitais junto dos cidad\u00e3os seniores e dos profissionais\/cuidadores;<\/li>\n\n\n\n<li>Criar um clima de interc\u00e2mbio de conhecimentos e compet\u00eancias entre idosos e profissionais\/cuidadores.<\/li>\n<\/ul>\n\n<h2 class=\"wp-block-heading\">Os p\u00fablicos-alvo<\/h2>\n\n<h3 class=\"wp-block-heading\">Os seniores<\/h3>\n\n<p>Os cidad\u00e3os idosos constituem um grupo heterog\u00e9neo cuja rela\u00e7\u00e3o com as tecnologias digitais varia em fun\u00e7\u00e3o da idade, do perfil, do contexto, etc. Representam uma parte cada vez mais importante da sociedade europeia (20,6% da popula\u00e7\u00e3o europeia tem atualmente mais de 65 anos, segundo o Eurostat). O relat\u00f3rio do estudo sobre a exclus\u00e3o digital das pessoas idosas, publicado em 2018 pela associa\u00e7\u00e3o francesa Les Petits Fr\u00e8res des Pauvres, revela que &#8220;mais de um quarto das pessoas com 60 anos ou mais continua em situa\u00e7\u00e3o de exclus\u00e3o digital, e que esta exclus\u00e3o afeta particularmente as pessoas com mais de 80 anos e as pessoas mais prec\u00e1rias&#8221;. Da mesma forma, os dados do Eurostat mostram que, em 2018, apenas 10% das pessoas com mais de 75 anos nos Estados-Membrosda Uni\u00e3o Europeia se tinham ligado \u00e0 Internet nos \u00faltimos tr\u00eas meses. Entre as 5 principais conclus\u00f5es deste estudo: &#8220;Para al\u00e9m da falta de profici\u00eancia, \u00e9 a falta de interesse que constitui o principal obst\u00e1culo para as pessoas com mais de 60 anos que n\u00e3o utilizam a Internet.<\/p>\n\n<h3 class=\"wp-block-heading\">Os formadores de adultos<\/h3>\n\n<p>Silver Booksdestina-se principalmente a formadores de adultos que ministram forma\u00e7\u00e3o em geriatria, sa\u00fade e a\u00e7\u00e3o social. Atrav\u00e9s da nossa rede de parceiros, daremos prioridade aos formadores de adultos com poucas ou nenhumas qualifica\u00e7\u00f5es, que estejam em processo de integra\u00e7\u00e3o ou de reciclagem para uma nova carreira.<\/p>\n\n<h3 class=\"wp-block-heading\">Os profissionais dos sectores da geriatria,da sa\u00fade e da assist\u00eancia social e volunt\u00e1rios<\/h3>\n\n<p>Tamb\u00e9m nos dirigimos a todos os profissionais e volunt\u00e1rios que trabalham com os idosos e os apoiam na sua vida quotidiana.<\/p>\n\n<h2 class=\"wp-block-heading\">As atividades<\/h2>\n\n<ul class=\"wp-block-list\">\n<li>Cria\u00e7\u00e3o de um m\u00f3dulo de e-learning para profissionais\/cuidadores com o objetivo de desenvolver as suas compet\u00eancias b\u00e1sicas e digitais.<\/li>\n\n\n\n<li>Organiza\u00e7\u00e3o de uma s\u00e9rie de workshops nos pa\u00edses participantes para criar a cole\u00e7\u00e3o &#8220;Silver Books&#8221; e promover a leitura em todas as suas formas: escrita (com livros eletr\u00f3nicos) e oral (com livros \u00e1udio).<\/li>\n\n\n\n<li>Elabora\u00e7\u00e3o de um guia de aplica\u00e7\u00e3o destinado aos profissionais e \u00e0s partes interessadas.<\/li>\n<\/ul>\n","protected":false},"excerpt":{"rendered":"<p>Reduzir o fosso digital e o isolamento atrav\u00e9s de livros electr\u00f3nicos e audiolivros<\/p>\n","protected":false},"author":1,"featured_media":1103,"parent":0,"menu_order":0,"comment_status":"closed","ping_status":"closed","template":"","meta":{"_acf_changed":false,"_et_pb_use_builder":"off","_et_pb_old_content":"","_et_gb_content_width":"","footnotes":""},"class_list":["post-1228","page","type-page","status-publish","has-post-thumbnail","hentry"],"acf":[],"_links":{"self":[{"href":"https:\/\/silverbooks.eu\/pt-pt\/wp-json\/wp\/v2\/pages\/1228","targetHints":{"allow":["GET"]}}],"collection":[{"href":"https:\/\/silverbooks.eu\/pt-pt\/wp-json\/wp\/v2\/pages"}],"about":[{"href":"https:\/\/silverbooks.eu\/pt-pt\/wp-json\/wp\/v2\/types\/page"}],"author":[{"embeddable":true,"href":"https:\/\/silverbooks.eu\/pt-pt\/wp-json\/wp\/v2\/users\/1"}],"replies":[{"embeddable":true,"href":"https:\/\/silverbooks.eu\/pt-pt\/wp-json\/wp\/v2\/comments?post=1228"}],"version-history":[{"count":4,"href":"https:\/\/silverbooks.eu\/pt-pt\/wp-json\/wp\/v2\/pages\/1228\/revisions"}],"predecessor-version":[{"id":1487,"href":"https:\/\/silverbooks.eu\/pt-pt\/wp-json\/wp\/v2\/pages\/1228\/revisions\/1487"}],"wp:featuredmedia":[{"embeddable":true,"href":"https:\/\/silverbooks.eu\/pt-pt\/wp-json\/wp\/v2\/media\/1103"}],"wp:attachment":[{"href":"https:\/\/silverbooks.eu\/pt-pt\/wp-json\/wp\/v2\/media?parent=1228"}],"curies":[{"name":"wp","href":"https:\/\/api.w.org\/{rel}","templated":true}]}}