{"id":1226,"date":"2023-04-04T12:21:24","date_gmt":"2023-04-04T10:21:24","guid":{"rendered":"https:\/\/silverbooks.eu\/parceiros\/"},"modified":"2024-03-07T17:46:58","modified_gmt":"2024-03-07T15:46:58","slug":"parceiros","status":"publish","type":"page","link":"https:\/\/silverbooks.eu\/pt-pt\/parceiros\/","title":{"rendered":"Parceiros"},"content":{"rendered":"\n<div class=\"wp-block-columns is-layout-flex wp-container-core-columns-is-layout-9d6595d7 wp-block-columns-is-layout-flex\">\n<div class=\"wp-block-column partner is-layout-flow wp-block-column-is-layout-flow\">\n<figure class=\"wp-block-image size-full\"><img loading=\"lazy\" decoding=\"async\" width=\"300\" height=\"68\" src=\"https:\/\/silverbooks.eu\/wp-content\/uploads\/2023\/04\/lesapprimeurs.png\" alt=\"Les Apprimeurs\" class=\"wp-image-193\"\/><\/figure>\n\n\n\n<h2 class=\"wp-block-heading\">Les Apprimeurs<\/h2>\n\n\n\n<p><strong>Fran\u00e7a<\/strong><\/p>\n\n\n\n<div class=\"wp-block-buttons is-layout-flex wp-block-buttons-is-layout-flex\">\n<div class=\"wp-block-button\"><a class=\"wp-block-button__link wp-element-button\" href=\"https:\/\/lesapprimeurs.com\/en\/\" target=\"_blank\" rel=\"noreferrer noopener\">S\u00edtio Web<\/a><\/div>\n<\/div>\n<\/div>\n\n\n\n<div class=\"wp-block-column partner is-layout-flow wp-block-column-is-layout-flow\">\n<figure class=\"wp-block-image size-full\"><img loading=\"lazy\" decoding=\"async\" width=\"300\" height=\"95\" src=\"https:\/\/silverbooks.eu\/wp-content\/uploads\/2023\/04\/desincoop-1.png\" alt=\"Desincoop\" class=\"wp-image-288\"\/><\/figure>\n\n\n\n<h2 class=\"wp-block-heading\">Desincoop<\/h2>\n\n\n\n<p><strong>Portugal<\/strong><\/p>\n\n\n\n<div class=\"wp-block-buttons is-layout-flex wp-block-buttons-is-layout-flex\">\n<div class=\"wp-block-button\"><a class=\"wp-block-button__link wp-element-button\" href=\"https:\/\/www.facebook.com\/Desincoop\/\" target=\"_blank\" rel=\"noreferrer noopener\">S\u00edtio Web<\/a><\/div>\n<\/div>\n<\/div>\n<\/div>\n\n\n\n<div class=\"wp-block-columns is-layout-flex wp-container-core-columns-is-layout-9d6595d7 wp-block-columns-is-layout-flex\">\n<div class=\"wp-block-column partner is-layout-flow wp-block-column-is-layout-flow\">\n<figure class=\"wp-block-image size-full\"><img loading=\"lazy\" decoding=\"async\" width=\"500\" height=\"159\" src=\"https:\/\/silverbooks.eu\/wp-content\/uploads\/2023\/04\/solcocittaaperta.png\" alt=\"Consorzio Solco Citt\u00e0 Aperta\" class=\"wp-image-196\" srcset=\"https:\/\/silverbooks.eu\/wp-content\/uploads\/2023\/04\/solcocittaaperta.png 500w, https:\/\/silverbooks.eu\/wp-content\/uploads\/2023\/04\/solcocittaaperta-480x153.png 480w\" sizes=\"(min-width: 0px) and (max-width: 480px) 480px, (min-width: 481px) 500px, 100vw\" \/><\/figure>\n\n\n\n<h2 class=\"wp-block-heading\">Consorzio Solco Citt\u00e0 Aperta<\/h2>\n\n\n\n<p><strong>It\u00e1lia<\/strong><\/p>\n\n\n\n<div class=\"wp-block-buttons is-layout-flex wp-block-buttons-is-layout-flex\">\n<div class=\"wp-block-button\"><a class=\"wp-block-button__link wp-element-button\" href=\"https:\/\/solcocittaaperta.it\/\" target=\"_blank\" rel=\"noreferrer noopener\">S\u00edtio Web<\/a><\/div>\n<\/div>\n<\/div>\n\n\n\n<div class=\"wp-block-column partner is-layout-flow wp-block-column-is-layout-flow\">\n<figure class=\"wp-block-image size-full\"><img loading=\"lazy\" decoding=\"async\" width=\"400\" height=\"234\" src=\"https:\/\/silverbooks.eu\/wp-content\/uploads\/2023\/04\/logopsycom.png\" alt=\"Logopsycom\" class=\"wp-image-200\" srcset=\"https:\/\/silverbooks.eu\/wp-content\/uploads\/2023\/04\/logopsycom.png 400w, https:\/\/silverbooks.eu\/wp-content\/uploads\/2023\/04\/logopsycom-300x176.png 300w\" sizes=\"(max-width: 400px) 100vw, 400px\" \/><\/figure>\n\n\n\n<h2 class=\"wp-block-heading\">Logopsycom<\/h2>\n\n\n\n<p><strong>B\u00e9lgica<\/strong><\/p>\n\n\n\n<div class=\"wp-block-buttons is-layout-flex wp-block-buttons-is-layout-flex\">\n<div class=\"wp-block-button\"><a class=\"wp-block-button__link wp-element-button\" href=\"https:\/\/logopsycom.com\/\" target=\"_blank\" rel=\"noreferrer noopener\">S\u00edtio Web<\/a><\/div>\n<\/div>\n<\/div>\n<\/div>\n\n\n\n<div style=\"height:100px\" aria-hidden=\"true\" class=\"wp-block-spacer\"><\/div>\n\n\n\n<h2 class=\"wp-block-heading has-text-align-center\">Parceiros associados<\/h2>\n\n\n\n<div style=\"height:50px\" aria-hidden=\"true\" class=\"wp-block-spacer\"><\/div>\n\n\n\n<div class=\"wp-block-columns associated-partners is-layout-flex wp-container-core-columns-is-layout-9d6595d7 wp-block-columns-is-layout-flex\">\n<div class=\"wp-block-column partner is-layout-flow wp-block-column-is-layout-flow\">\n<figure class=\"wp-block-image size-full\"><img loading=\"lazy\" decoding=\"async\" width=\"817\" height=\"200\" src=\"https:\/\/silverbooks.eu\/wp-content\/uploads\/2023\/09\/outra-voz.png\" alt=\"Outra Voz\" class=\"wp-image-1469\" srcset=\"https:\/\/silverbooks.eu\/wp-content\/uploads\/2023\/09\/outra-voz.png 817w, https:\/\/silverbooks.eu\/wp-content\/uploads\/2023\/09\/outra-voz-480x118.png 480w\" sizes=\"(min-width: 0px) and (max-width: 480px) 480px, (min-width: 481px) 817px, 100vw\" \/><\/figure>\n\n\n\n<h3 class=\"wp-block-heading has-text-align-left\">Outra Voz<\/h3>\n\n\n\n<p><strong>Portugal<\/strong><\/p>\n\n\n\n<p>\u201cOutra Voz&#8221;(Another Voice) is a community group dedicated to vocal expression and exploration based on music of oral tradition and transmission and beyond\u2026<\/p>\n\n\n\n<button class=\"popup-btn js-popup-btn\">Ler mais<\/button>\n<div class=\"popup-content js-popup-content\">\n\n\n\n<p>\u201cOutra Voz&#8221;(Another Voice) is a community group dedicated to vocal expression and exploration based on music of oral tradition and transmission and beyond.<\/p>\n\n\n\n<p>Created in 2010, in the context of the Community Area of the Guimar\u00e3es ECOC-2012 programme, it is the only artistic project that remained beyond the realisation of the European Capital of Culture.<\/p>\n\n\n\n<p>Constituted in 2013 as a cultural association, &#8220;Outra Voz&#8221; has its regular rehearsal activity distributed in different parishes of the municipality of Guimar\u00e3es. Counting on a formation of about a hundred participants, &#8220;Outra Voz&#8221; is a meeting point, but also a genuine phenomenon of autonomy and self-organisation effectively communitarian.<\/p>\n\n\n\n<\/div>\n\n\n\n<div class=\"wp-block-buttons is-layout-flex wp-block-buttons-is-layout-flex\">\n<div class=\"wp-block-button\"><a class=\"wp-block-button__link wp-element-button\" href=\"https:\/\/www.facebook.com\/outravoz\" target=\"_blank\" rel=\"noreferrer noopener\">S\u00edtio Web<\/a><\/div>\n<\/div>\n<\/div>\n\n\n\n<div class=\"wp-block-column partner is-layout-flow wp-block-column-is-layout-flow\">\n<figure class=\"wp-block-image size-full\"><img loading=\"lazy\" decoding=\"async\" width=\"200\" height=\"200\" src=\"https:\/\/silverbooks.eu\/wp-content\/uploads\/2023\/09\/rimas-e-tabuadas.png\" alt=\"Rimas e Tabuadas\" class=\"wp-image-1473\" srcset=\"https:\/\/silverbooks.eu\/wp-content\/uploads\/2023\/09\/rimas-e-tabuadas.png 200w, https:\/\/silverbooks.eu\/wp-content\/uploads\/2023\/09\/rimas-e-tabuadas-150x150.png 150w\" sizes=\"(max-width: 200px) 100vw, 200px\" \/><\/figure>\n\n\n\n<h3 class=\"wp-block-heading has-text-align-left\">Rimas e Tabuadas<\/h3>\n\n\n\n<p><strong>Portugal<\/strong><\/p>\n\n\n\n<p>Rimas e Tabuadas is a Bookshop -Caf\u00e9, founded in 2017, marginal and unexpected, in a time when it is said that books have their days numbered\u2026<\/p>\n\n\n\n<button class=\"popup-btn js-popup-btn\">Ler mais<\/button>\n<div class=\"popup-content js-popup-content\">\n\n\n\n<p>Rimas e Tabuadas is a Bookshop -Caf\u00e9, founded in 2017, marginal and unexpected, in a time when it is said that books have their days numbered. Rimas e Tabuadas is an old desire to provoke surprise through books and through the beauty of moments around a coffee table. Books and people, always books, books read, books to read. Books and people to share readings. Meetings with those who like to talk, listen and delve into an author, a theme, an event. Highlights include the launch and co-edition of the book Sombra Sil\u00eancio, by Carlos Po\u00e7as Falc\u00e3o, from Opera Omnia -1st prize for Best Poetry Book 2019, by the Portuguese Society of Authors.<\/p>\n\n\n\n<\/div>\n\n\n\n<div class=\"wp-block-buttons is-layout-flex wp-block-buttons-is-layout-flex\">\n<div class=\"wp-block-button\"><a class=\"wp-block-button__link wp-element-button\" href=\"https:\/\/www.facebook.com\/rimasetabuadas\" target=\"_blank\" rel=\"noreferrer noopener\">S\u00edtio Web<\/a><\/div>\n<\/div>\n<\/div>\n<\/div>\n\n\n\n<div class=\"wp-block-columns associated-partners is-layout-flex wp-container-core-columns-is-layout-9d6595d7 wp-block-columns-is-layout-flex\">\n<div class=\"wp-block-column partner is-layout-flow wp-block-column-is-layout-flow\">\n<figure class=\"wp-block-image size-full\"><img loading=\"lazy\" decoding=\"async\" width=\"500\" height=\"159\" src=\"https:\/\/silverbooks.eu\/wp-content\/uploads\/2024\/03\/aefh.jpg\" alt=\"Agrupamento de Escolas Francisco de Holanda\" class=\"wp-image-2428\" srcset=\"https:\/\/silverbooks.eu\/wp-content\/uploads\/2024\/03\/aefh.jpg 500w, https:\/\/silverbooks.eu\/wp-content\/uploads\/2024\/03\/aefh-480x153.jpg 480w\" sizes=\"(min-width: 0px) and (max-width: 480px) 480px, (min-width: 481px) 500px, 100vw\" \/><\/figure>\n\n\n\n<h3 class=\"wp-block-heading\">AEFH (Agrupamento de Escolas Francisco de Holanda)<\/h3>\n\n\n\n<p><strong>Portugal<\/strong><\/p>\n\n\n\n<p>O Agrupamento de Escolas Francisco de Holanda (AEFH) is made up of four schools: Escola B\u00e1sica de Santa Luzia (EB1\/JI), Escola B\u00e1sica de Pegada (EB1), Escola B\u00e1sica Egas Moniz (EB2,3) and Escola Secund\u00e1ria Francisco de Holanda (AEFH)\u2026<\/p>\n\n\n\n<button class=\"popup-btn js-popup-btn\">Ler mais<\/button>\n<div class=\"popup-content js-popup-content\">\n\n\n\n<p>O Agrupamento de Escolas Francisco de Holanda (AEFH) is made up of four schools: Escola B\u00e1sica de Santa Luzia (EB1\/JI), Escola B\u00e1sica de Pegada (EB1), Escola B\u00e1sica Egas Moniz (EB2,3) and Escola Secund\u00e1ria Francisco de Holanda (AEFH). Agrupamento de Escolas Francisco de Holanda covers all levels and cycles of education, from pre-school to secondary school. However, it is attended in greater numbers by secondary school pupils, spread across all the training programmes of the scientific-humanistic courses (CCH) and courses of study (CCH).<\/p>\n\n\n\n<p>Courses. The AEFH&#8217;s educational offer also includes, within the scope of adult education, EFA (Adult Education and Training) courses for school certification; recurrent teaching; PFOL (Portuguese for Speakers of Other Languages); certified modular training and, through its Qualifica Centre, RVCC (Recognition, Validation and Certification of Competences) processes.<\/p>\n\n\n\n<p>Agrupamento de Escolas Francisco de Holanda is an organisation whose main mission is the educational success of its students. This ambition presupposes the pursuit of the following principles and values:<\/p>\n\n\n\n<div class=\"wp-block-group is-layout-constrained wp-block-group-is-layout-constrained\">\n<ul class=\"wp-block-list\">\n<li>To offer quality education that prepares students for life, facilitating further studies and integration into society as free, active and responsible citizens;.<\/li>\n<\/ul>\n\n\n\n<ul class=\"wp-block-list\">\n<li>To develop teaching based on innovation and the use of methodologies and technologies that promote well-founded learning;<\/li>\n\n\n\n<li>Implementing an inclusive education policy, geared towards different learning needs and rhythms and adapting to new situations throughout life;<\/li>\n\n\n\n<li>Promote fairness, creating conditions for equal opportunities and equal opportunities for all.<\/li>\n\n\n\n<li>Superimpose pedagogical and scientific procedures on instrumental and administrative procedures;<\/li>\n\n\n\n<li>Combat the functionalisation of teaching and non-teaching staff, by strengthening professional autonomy, understood, in the case of teachers, as the ability to make pedagogical and scientific decisions in relation to students and political decisions in relation to the school and the system.<\/li>\n\n\n\n<li>Accompanying students&#8217; school life, enhancing their educational and social expectations;<\/li>\n\n\n\n<li>Promoting healthy, responsible, autonomous and supportive lifestyles;<\/li>\n\n\n\n<li>Encourage the exercise of citizenship rights and duties, respecting diversity, with a democratic, pluralistic, critical and creative spirit;<\/li>\n\n\n\n<li>Deepen relations between the school and the community, but always with respect for the school&#8217;s autonomy.<\/li>\n\n\n\n<li>To create a culture in the educational community of lifelong learning in all contexts of life, keeping the population of the municipality permanently focussed on continuous learning supported by the school.<\/li>\n<\/ul>\n<\/div>\n\n\n\n<\/div>\n\n\n\n<div class=\"wp-block-buttons is-layout-flex wp-block-buttons-is-layout-flex\">\n<div class=\"wp-block-button\"><a class=\"wp-block-button__link wp-element-button\" href=\"http:\/\/www.aefh.pt\/\" target=\"_blank\" rel=\"noreferrer noopener\">S\u00edtio Web<\/a><\/div>\n<\/div>\n<\/div>\n\n\n\n<div class=\"wp-block-column partner is-layout-flow wp-block-column-is-layout-flow\">\n<figure class=\"wp-block-image size-full\"><img loading=\"lazy\" decoding=\"async\" width=\"161\" height=\"200\" src=\"https:\/\/silverbooks.eu\/wp-content\/uploads\/2024\/03\/centro-social-nossa-sra-carmo.png\" alt=\"Centro Social Nossa Senhora do Carmo\" class=\"wp-image-2432\"\/><\/figure>\n\n\n\n<h3 class=\"wp-block-heading\">Centro Social Nossa Senhora do Carmo<\/h3>\n\n\n\n<p><strong>Portugal<\/strong><\/p>\n\n\n\n<p>O Centro Social Nossa Senhora do Carmo \u00e9 uma Institui\u00e7\u00e3o Particular de Solidariedade Social (IPSS) criada a 4 de fevereiro de 1992. Iniciou a sua atividade com a resposta social Centro de Conv\u00edvio.<\/p>\n\n\n\n<button class=\"popup-btn js-popup-btn\">Ler mais<\/button>\n<div class=\"popup-content js-popup-content\">\n\n\n\n<p>O Centro Social Nossa Senhora do Carmo \u00e9 uma Institui\u00e7\u00e3o Particular de Solidariedade Social (IPSS) criada a 4 de fevereiro de 1992. Iniciou a sua atividade com a resposta social Centro de Conv\u00edvio. A 20 e setembro de 1995, alargou os servi\u00e7os \u00e0 resposta social Centro de Dia sendo esta resposta uma mais valia na qualidade de vida da popula\u00e7\u00e3o residente. Atualmente, tem a capacidade para 12 utentes na resposta social Centro de Dia e para 42 utentes na resposta social Centro de Conv\u00edvio. Esta Institui\u00e7\u00e3o \u00e9 comparticipada pelo Minist\u00e9rio do Trabalho e da Seguran\u00e7a Social.<\/p>\n\n\n\n<p>O Centro Social Nossa Senhora do Carmo tem como miss\u00e3o acolher indiv\u00edduos cuja problem\u00e1tica biopsicossocial n\u00e3o seja pass\u00edvel de outra resposta garantindo um servi\u00e7o de car\u00e1cter permanente, adequado \u00e0 manuten\u00e7\u00e3o dos utentes no seu meio sociofamiliar e que satisfa\u00e7am as suas necessidades b\u00e1sicas.<\/p>\n\n\n\n<p>A vis\u00e3o desta Institui\u00e7\u00e3o assenta no reconhecimento como entidade de refer\u00eancia na presta\u00e7\u00e3o de servi\u00e7os diferenciadores, de qualidade, proximidade e de forma eficiente na \u00e1rea do envelhecimento promovendo a coes\u00e3o social.<\/p>\n\n\n\n<\/div>\n\n\n\n<div class=\"wp-block-buttons is-layout-flex wp-block-buttons-is-layout-flex\">\n<div class=\"wp-block-button\"><a class=\"wp-block-button__link wp-element-button\" href=\"https:\/\/www.facebook.com\/people\/Centro-Social-Nossa-Senhora-do-Carmo\/100066251778504\/\" target=\"_blank\" rel=\"noreferrer noopener\">S\u00edtio Web<\/a><\/div>\n<\/div>\n<\/div>\n<\/div>\n\n\n\n<div class=\"wp-block-columns associated-partners is-layout-flex wp-container-core-columns-is-layout-9d6595d7 wp-block-columns-is-layout-flex\">\n<div class=\"wp-block-column partner is-layout-flow wp-block-column-is-layout-flow\">\n<h3 class=\"wp-block-heading\">Poetas do Selho<\/h3>\n\n\n\n<p><strong>Portugal<\/strong><\/p>\n\n\n\n<p>No dia 11 de fevereiro de 2012 realizou-se uma tarde cultural organizada pela Junta de Freguesia de Selho S\u00e3o Jorge\u2026<\/p>\n\n\n\n<button class=\"popup-btn js-popup-btn\">Ler mais<\/button>\n<div class=\"popup-content js-popup-content\">\n\n\n\n<p>No dia 11 de fevereiro de 2012 realizou-se uma tarde cultural organizada pela Junta de Freguesia de Selho S\u00e3o Jorge. Do programa faziam parte o lan\u00e7amento o livro do Ra\u00fal Rocha \u201cGuimar\u00e3es no S\u00e9c XX (1940 \u2013 1970), o segundo de tr\u00eas volumes sobre a hist\u00f3ria de Guimar\u00e3es, um momento de poesia com a declama\u00e7\u00e3o de poemas de Alexandre Moreira e Mandina Fernandes e um concurso de quadras pelos alunos da Escola B\u00e1sica n\u00ba 1 de Pevid\u00e9m.<\/p>\n\n\n\n<p>Esta foi a data que formalizou a constitui\u00e7\u00e3o do Clube de Poesia do Selho que continua, at\u00e9 hoje, como informal, independente e aut\u00f3nomo. Tem participado em v\u00e1rias atividades culturais, tais como a Feira da Terra em S. Torcato como tamb\u00e9m a Cit\u00e2nia Viva em Briteiros, entre outras.<\/p>\n\n\n\n<p>O seu prop\u00f3sito consiste na divulga\u00e7\u00e3o e pr\u00e1tica da riqueza que constitui a l\u00edngua portuguesa. O que mantem o grupo unido \u00e9 esta profunda preocupa\u00e7\u00e3o e os la\u00e7os de amizade cada vez mais especiais. Inicialmente, o Clube era essencialmente constitu\u00eddo por pessoas de Selho S\u00e3o Jorge e Selho S\u00e3o Louren\u00e7o, ligadas pelo mesmo rio: o Selho.<\/p>\n\n\n\n<\/div>\n\n\n\n<div class=\"wp-block-buttons is-layout-flex wp-block-buttons-is-layout-flex\">\n<div class=\"wp-block-button\"><a class=\"wp-block-button__link wp-element-button\" href=\"https:\/\/www.facebook.com\/people\/Poetas-do-Selho\/100064802076188\/\" target=\"_blank\" rel=\"noreferrer noopener\">S\u00edtio Web<\/a><\/div>\n<\/div>\n<\/div>\n\n\n\n<div class=\"wp-block-column partner is-layout-flow wp-block-column-is-layout-flow\"><\/div>\n<\/div>\n","protected":false},"excerpt":{"rendered":"<p>Les Apprimeurs Fran\u00e7a Desincoop Portugal Consorzio Solco Citt\u00e0 Aperta It\u00e1lia Logopsycom B\u00e9lgica Parceiros associados Outra Voz Portugal \u201cOutra Voz&#8221;(Another Voice) is a community group dedicated to vocal expression and exploration based on music of oral tradition and transmission and beyond\u2026 Ler mais \u201cOutra Voz&#8221;(Another Voice) is a community group dedicated to vocal expression and exploration [&hellip;]<\/p>\n","protected":false},"author":1,"featured_media":1189,"parent":0,"menu_order":0,"comment_status":"closed","ping_status":"closed","template":"","meta":{"_acf_changed":false,"_et_pb_use_builder":"off","_et_pb_old_content":"","_et_gb_content_width":"","footnotes":""},"class_list":["post-1226","page","type-page","status-publish","has-post-thumbnail","hentry"],"acf":[],"_links":{"self":[{"href":"https:\/\/silverbooks.eu\/pt-pt\/wp-json\/wp\/v2\/pages\/1226","targetHints":{"allow":["GET"]}}],"collection":[{"href":"https:\/\/silverbooks.eu\/pt-pt\/wp-json\/wp\/v2\/pages"}],"about":[{"href":"https:\/\/silverbooks.eu\/pt-pt\/wp-json\/wp\/v2\/types\/page"}],"author":[{"embeddable":true,"href":"https:\/\/silverbooks.eu\/pt-pt\/wp-json\/wp\/v2\/users\/1"}],"replies":[{"embeddable":true,"href":"https:\/\/silverbooks.eu\/pt-pt\/wp-json\/wp\/v2\/comments?post=1226"}],"version-history":[{"count":18,"href":"https:\/\/silverbooks.eu\/pt-pt\/wp-json\/wp\/v2\/pages\/1226\/revisions"}],"predecessor-version":[{"id":2511,"href":"https:\/\/silverbooks.eu\/pt-pt\/wp-json\/wp\/v2\/pages\/1226\/revisions\/2511"}],"wp:featuredmedia":[{"embeddable":true,"href":"https:\/\/silverbooks.eu\/pt-pt\/wp-json\/wp\/v2\/media\/1189"}],"wp:attachment":[{"href":"https:\/\/silverbooks.eu\/pt-pt\/wp-json\/wp\/v2\/media?parent=1226"}],"curies":[{"name":"wp","href":"https:\/\/api.w.org\/{rel}","templated":true}]}}