{"id":1222,"date":"2023-04-04T12:22:30","date_gmt":"2023-04-04T10:22:30","guid":{"rendered":"https:\/\/silverbooks.eu\/e-learning\/"},"modified":"2023-10-19T15:07:31","modified_gmt":"2023-10-19T13:07:31","slug":"modulo-de-formacao","status":"publish","type":"page","link":"https:\/\/silverbooks.eu\/pt-pt\/modulo-de-formacao\/","title":{"rendered":"M\u00f3dulo de forma\u00e7\u00e3o: Ebooks para ligar gera\u00e7\u00f5es"},"content":{"rendered":"\n<p><strong>Silver Books tem como objetivo utilizar os livros digitais como uma ferramenta de inclus\u00e3o e de constru\u00e7\u00e3o de pontes entre gera\u00e7\u00f5es. Este m\u00f3dulo de forma\u00e7\u00e3o destina-se a profissionais dos sectores social e m\u00e9dico-social, a volunt\u00e1rios e a qualquer pessoa que pretenda trabalhar com pessoas idosas utilizando livros digitais. <\/strong><\/p>\n\n<div style=\"height:50px\" aria-hidden=\"true\" class=\"wp-block-spacer\"><\/div>\n\n<hr class=\"wp-block-separator has-text-color has-alpha-channel-opacity has-background is-style-wide\" style=\"background-color:#4b4b4c;color:#4b4b4c\"\/>\n\n<h2 class=\"wp-block-heading\">Unidade 1\u2022 Envolver as pessoas idosas num processo criativo com uma ferramenta digital<\/h2>\n\n<p>No final da Unidade, o\/a aprendente ser\u00e1 capaz de:<\/p>\n\n<ul class=\"wp-block-list\">\n<li>Descobrir como as ferramentas digitais podem ser ben\u00e9ficas para a popula\u00e7\u00e3o s\u00e9nior.<\/li>\n\n\n\n<li>Identificar os obst\u00e1culos e bloqueios ao uso de ferramentas digitais.<\/li>\n\n\n\n<li>Compreender a import\u00e2ncia de criar um ambiente de apoio \u00e0 recolha de palavras.<\/li>\n\n\n\n<li>Aprender a incluir as pessoas idosas que t\u00eam perturba\u00e7\u00f5es cognitivas.<\/li>\n<\/ul>\n\n<div class=\"wp-block-buttons is-layout-flex wp-block-buttons-is-layout-flex\">\n<div class=\"wp-block-button\"><a class=\"wp-block-button__link has-text-align-left wp-element-button\" href=\"https:\/\/silverbooks.eu\/pt-pt\/modulo-de-formacao\/1-1-1-beneficios-para-as-pessoas-idosas\/\">Come\u00e7ar a Unidade 1<\/a><\/div>\n<\/div>\n\n<div style=\"height:50px\" aria-hidden=\"true\" class=\"wp-block-spacer\"><\/div>\n\n<hr class=\"wp-block-separator has-text-color has-alpha-channel-opacity has-background is-style-wide\" style=\"background-color:#4b4b4c;color:#4b4b4c\"\/>\n\n<h2 class=\"wp-block-heading\">Unidade 2 \u2022 Partilha e transmiss\u00e3o de conhecimentos\/experi\u00eancia atrav\u00e9s de livros digitais<\/h2>\n\n<p>No final da Unidade, o(a) aprendente ser\u00e1 capaz de: <\/p>\n\n<ul class=\"wp-block-list\">\n<li>Compreender a ideia geral de contar hist\u00f3rias, os seus benef\u00edcios e a sua constru\u00e7\u00e3o.<\/li>\n\n\n\n<li>Reconhecer os diferentes formatos de livros digitais e identificar os mais adequados.<\/li>\n\n\n\n<li>Descobrir diversos exemplos e inspira\u00e7\u00f5es de narra\u00e7\u00e3o de hist\u00f3rias.<\/li>\n\n\n\n<li>Desenvolver os seus conhecimentos sobre ilustra\u00e7\u00e3o numa hist\u00f3ria digital.<\/li>\n<\/ul>\n\n<div class=\"wp-block-buttons is-layout-flex wp-block-buttons-is-layout-flex\">\n<div class=\"wp-block-button\"><a class=\"wp-block-button__link wp-element-button\" href=\"https:\/\/silverbooks.eu\/pt-pt\/modulo-de-formacao\/2-1-1-descobrir-o-ato-de-contar-historias\/\">Come\u00e7ar a Unidade 2<\/a><\/div>\n<\/div>\n\n<div style=\"height:50px\" aria-hidden=\"true\" class=\"wp-block-spacer\"><\/div>\n\n<hr class=\"wp-block-separator has-text-color has-alpha-channel-opacity has-background is-style-wide\" style=\"background-color:#4b4b4c;color:#4b4b4c\"\/>\n\n<h2 class=\"wp-block-heading\">Unidade 3 \u2022 Desenvolver compet\u00eancias digitais atrav\u00e9s de livros digitais<\/h2>\n\n<p>No final da Unidade, o(a) aprendente ser\u00e1 capaz de:<\/p>\n\n<ul class=\"wp-block-list\">\n<li>Definir os par\u00e2metros para criar o seu livro eletr\u00f3nico.<\/li>\n\n\n\n<li>Descobrir as caracter\u00edsticas de diferentes programas inform\u00e1ticos.<\/li>\n\n\n\n<li>Definir e aplicar princ\u00edpios de acessibilidade \u00e0 sua configura\u00e7\u00e3o.<\/li>\n\n\n\n<li>Assimilar o processo criativo dos audiolivros e aprender a edit\u00e1-lo e distribu\u00ed-lo.<\/li>\n<\/ul>\n\n<p><\/p>\n\n<div class=\"wp-block-buttons is-layout-flex wp-block-buttons-is-layout-flex\">\n<div class=\"wp-block-button\"><a class=\"wp-block-button__link wp-element-button\" href=\"https:\/\/silverbooks.eu\/pt-pt\/modulo-de-formacao\/3-1-1-o-que-e-um-livro-eletronico\/\">Come\u00e7ar a Unidade 3<\/a><\/div>\n<\/div>\n","protected":false},"excerpt":{"rendered":"<p>Em breve&#8230;<\/p>\n","protected":false},"author":1,"featured_media":1193,"parent":0,"menu_order":0,"comment_status":"closed","ping_status":"closed","template":"","meta":{"_acf_changed":false,"_et_pb_use_builder":"off","_et_pb_old_content":"","_et_gb_content_width":"","footnotes":""},"class_list":["post-1222","page","type-page","status-publish","has-post-thumbnail","hentry"],"acf":[],"_links":{"self":[{"href":"https:\/\/silverbooks.eu\/pt-pt\/wp-json\/wp\/v2\/pages\/1222","targetHints":{"allow":["GET"]}}],"collection":[{"href":"https:\/\/silverbooks.eu\/pt-pt\/wp-json\/wp\/v2\/pages"}],"about":[{"href":"https:\/\/silverbooks.eu\/pt-pt\/wp-json\/wp\/v2\/types\/page"}],"author":[{"embeddable":true,"href":"https:\/\/silverbooks.eu\/pt-pt\/wp-json\/wp\/v2\/users\/1"}],"replies":[{"embeddable":true,"href":"https:\/\/silverbooks.eu\/pt-pt\/wp-json\/wp\/v2\/comments?post=1222"}],"version-history":[{"count":14,"href":"https:\/\/silverbooks.eu\/pt-pt\/wp-json\/wp\/v2\/pages\/1222\/revisions"}],"predecessor-version":[{"id":2080,"href":"https:\/\/silverbooks.eu\/pt-pt\/wp-json\/wp\/v2\/pages\/1222\/revisions\/2080"}],"wp:featuredmedia":[{"embeddable":true,"href":"https:\/\/silverbooks.eu\/pt-pt\/wp-json\/wp\/v2\/media\/1193"}],"wp:attachment":[{"href":"https:\/\/silverbooks.eu\/pt-pt\/wp-json\/wp\/v2\/media?parent=1222"}],"curies":[{"name":"wp","href":"https:\/\/api.w.org\/{rel}","templated":true}]}}