{"id":1216,"date":"2023-04-04T14:13:52","date_gmt":"2023-04-04T12:13:52","guid":{"rendered":"https:\/\/silverbooks.eu\/informacao-legal\/"},"modified":"2023-07-27T17:33:33","modified_gmt":"2023-07-27T15:33:33","slug":"informacao-legal","status":"publish","type":"page","link":"https:\/\/silverbooks.eu\/pt-pt\/informacao-legal\/","title":{"rendered":"Informa\u00e7\u00e3o legal"},"content":{"rendered":"\n<p>Em conformidade com as disposi\u00e7\u00f5es das cl\u00e1usulas 6-III e 19 da legisla\u00e7\u00e3o francesa sobre a Confian\u00e7a na Economia Digital (loi pour la Confiance dans l&#8217;\u00c9conomie Num\u00e9rique), informamos que:<\/p>\n\n<h2 class=\"wp-block-heading\">Acolhimento<\/h2>\n\n<p>Infomaniak Network SA<br\/>Rue Eug\u00e8ne Marziano 25 &#8211; 1227 Les Acacias \/ Geneva &#8211; SWITZERLAND<br\/>Tel.: <a href=\"tel:+41%2022%20820%2035%2044\" target=\"_blank\" rel=\"noreferrer noopener\">+41 22 820 35 44<\/a><br\/>Email: <a href=\"mailto:contact@infomaniak.com\" target=\"_blank\" rel=\"noreferrer noopener\">contact@infomaniak.com<\/a><br\/>S\u00edtio Web: <a href=\"https:\/\/www.infomaniak.com\/\" target=\"_blank\" rel=\"noreferrer noopener\">https:\/\/www.infomaniak.com\/<\/a><\/p>\n\n<h2 class=\"wp-block-heading\">Editora<\/h2>\n\n<p>Este website \u00e9 publicado por Les Apprimeurs e pela parceria do projecto Silver Books Erasmus+. As informa\u00e7\u00f5es relativas ao gestor da publica\u00e7\u00e3o foram transmitidas \u00e0 empresa de acolhimento, em conformidade com a lei.<\/p>\n\n<h2 class=\"wp-block-heading\">Projecto Silver Books<\/h2>\n\n<p>Este projecto tem sido financiado pela Uni\u00e3o Europeia. O apoio da Comiss\u00e3o Europeia \u00e0 produ\u00e7\u00e3o desta publica\u00e7\u00e3o n\u00e3o constitui uma aprova\u00e7\u00e3o do seu conte\u00fado, que reflecte apenas a opini\u00e3o dos autores, e a Comiss\u00e3o n\u00e3o pode ser responsabilizada por qualquer utiliza\u00e7\u00e3o que possa ser feita das informa\u00e7\u00f5es nela contidas.<\/p>\n\n<h2 class=\"wp-block-heading\">Dados pessoais<\/h2>\n\n<p>Os dados recolhidos por este website nunca ser\u00e3o vendidos ou transmitidos a terceiros, e ser\u00e3o utilizados com a m\u00e1xima discri\u00e7\u00e3o por n\u00f3s, apenas para os fins para os quais nos forneceu estes dados. Em circunst\u00e2ncia alguma utilizaremos os seus dados para qualquer outro fim que n\u00e3o seja o claramente indicado quando nos forneceu os dados.<\/p>\n\n<p>Os dados de liga\u00e7\u00e3o (por exemplo, endere\u00e7o IP, registos de liga\u00e7\u00e3o) podem ser recolhidos quando visita este website. Ao navegar neste website, consente em transmiti-los para n\u00f3s.<\/p>\n\n<p>Os dados que enviar explicitamente atrav\u00e9s da p\u00e1gina de contacto deste s\u00edtio web atrav\u00e9s de formul\u00e1rios s\u00f3 ser\u00e3o utilizados para fins de resposta. Todas as informa\u00e7\u00f5es enviadas atrav\u00e9s destes formul\u00e1rios ser\u00e3o apagadas o mais tardar 3 anos ap\u00f3s terem sido transmitidas a n\u00f3s.<\/p>\n\n<p>Al\u00e9m disso, o endere\u00e7o de correio electr\u00f3nico que nos poder\u00e1 fornecer para testar os nossos recursos ou participar no projecto Silver Books na p\u00e1gina inicial deste website ser\u00e1 apenas utilizado para lhe enviar informa\u00e7\u00f5es sobre o projecto em curso. Pode cancelar a sua inscri\u00e7\u00e3o a qualquer momento, enviando-nos um e-mail para <a rel=\"noreferrer noopener\" href=\"mailto:contact@lesapprimeurs.com\" target=\"_blank\">contact@lesapprimeurs.com<\/a><\/p>\n\n<p>Os dados transmitidos neste s\u00edtio web s\u00f3 s\u00e3o acess\u00edveis aos servi\u00e7os internos relevantes, nomeadamente:<\/p>\n\n<ul class=\"wp-block-list\">\n<li>Para endere\u00e7os IP, registos, e todos os dados de liga\u00e7\u00e3o, apenas os administradores do s\u00edtio web.<\/li>\n\n\n\n<li>Para e-mails transmitidos para a lista Junte-se a n\u00f3s, apenas os administradores do website.<\/li>\n\n\n\n<li>Para informa\u00e7\u00f5es transmitidas atrav\u00e9s do formul\u00e1rio de contacto, apenas o parceiro relevante da l\u00edngua que seleccionou.<\/li>\n\n\n\n<li>Para quaisquer quest\u00f5es relacionadas com a protec\u00e7\u00e3o, seguran\u00e7a e utiliza\u00e7\u00e3o de dados pessoais, queira contactar-nos atrav\u00e9s do endere\u00e7o electr\u00f3nico <a href=\"mailto:contact@lesapprimeurs.com\" target=\"_blank\" rel=\"noreferrer noopener\">contact@lesapprimeurs.com<\/a>.<\/li>\n<\/ul>\n\n<p>Tem o direito de, a qualquer momento, solicitar a elimina\u00e7\u00e3o de parte ou de todos os dados pessoais que lhe dizem respeito, enviando um e-mail para <a rel=\"noreferrer noopener\" href=\"mailto:contact@lesapprimeurs.com\" target=\"_blank\">contact@lesapprimeurs.com<\/a>.<\/p>\n\n<p>Se a resposta n\u00e3o for satisfat\u00f3ria, pode apresentar uma queixa \u00e0 Comiss\u00e3o Nacional de Inform\u00e1tica e Liberdades (CNIL): <a rel=\"noreferrer noopener\" href=\"https:\/\/www.cnil.fr\/fr\/plaintes\" target=\"_blank\">https:\/\/www.cnil.fr\/fr\/plaintes<\/a>.<\/p>\n\n<p>Qualquer lit\u00edgio relativo \u00e0 utiliza\u00e7\u00e3o do Website estar\u00e1 sujeito \u00e0 lei francesa. Os visitantes do Website reconhecem e aceitam a jurisdi\u00e7\u00e3o exclusiva dos tribunais relevantes que se encontram sob a jurisdi\u00e7\u00e3o do Tribunal de Recurso de Paris (Cour d&#8217;appel de Paris).<\/p>\n","protected":false},"excerpt":{"rendered":"<p>Em conformidade com as disposi\u00e7\u00f5es das cl\u00e1usulas 6-III e 19 da legisla\u00e7\u00e3o francesa sobre a Confian\u00e7a na Economia Digital (loi pour la Confiance dans l&#8217;\u00c9conomie Num\u00e9rique), informamos que: Acolhimento Infomaniak Network SARue Eug\u00e8ne Marziano 25 &#8211; 1227 Les Acacias \/ Geneva &#8211; SWITZERLANDTel.: +41 22 820 35 44Email: contact@infomaniak.comS\u00edtio Web: https:\/\/www.infomaniak.com\/ Editora Este website \u00e9 [&hellip;]<\/p>\n","protected":false},"author":1,"featured_media":1189,"parent":0,"menu_order":0,"comment_status":"closed","ping_status":"closed","template":"","meta":{"_acf_changed":false,"_et_pb_use_builder":"off","_et_pb_old_content":"","_et_gb_content_width":"","footnotes":""},"class_list":["post-1216","page","type-page","status-publish","has-post-thumbnail","hentry"],"acf":[],"_links":{"self":[{"href":"https:\/\/silverbooks.eu\/pt-pt\/wp-json\/wp\/v2\/pages\/1216","targetHints":{"allow":["GET"]}}],"collection":[{"href":"https:\/\/silverbooks.eu\/pt-pt\/wp-json\/wp\/v2\/pages"}],"about":[{"href":"https:\/\/silverbooks.eu\/pt-pt\/wp-json\/wp\/v2\/types\/page"}],"author":[{"embeddable":true,"href":"https:\/\/silverbooks.eu\/pt-pt\/wp-json\/wp\/v2\/users\/1"}],"replies":[{"embeddable":true,"href":"https:\/\/silverbooks.eu\/pt-pt\/wp-json\/wp\/v2\/comments?post=1216"}],"version-history":[{"count":1,"href":"https:\/\/silverbooks.eu\/pt-pt\/wp-json\/wp\/v2\/pages\/1216\/revisions"}],"predecessor-version":[{"id":1217,"href":"https:\/\/silverbooks.eu\/pt-pt\/wp-json\/wp\/v2\/pages\/1216\/revisions\/1217"}],"wp:featuredmedia":[{"embeddable":true,"href":"https:\/\/silverbooks.eu\/pt-pt\/wp-json\/wp\/v2\/media\/1189"}],"wp:attachment":[{"href":"https:\/\/silverbooks.eu\/pt-pt\/wp-json\/wp\/v2\/media?parent=1216"}],"curies":[{"name":"wp","href":"https:\/\/api.w.org\/{rel}","templated":true}]}}