{"id":1213,"date":"2023-04-07T10:14:57","date_gmt":"2023-04-07T08:14:57","guid":{"rendered":"https:\/\/silverbooks.eu\/inicio\/"},"modified":"2024-03-01T17:47:21","modified_gmt":"2024-03-01T15:47:21","slug":"inicio","status":"publish","type":"page","link":"https:\/\/silverbooks.eu\/pt-pt\/","title":{"rendered":"In\u00edcio"},"content":{"rendered":"<p>[et_pb_section fb_built=&#8221;1&#8243; _builder_version=&#8221;4.20.2&#8243; _module_preset=&#8221;default&#8221; custom_padding=&#8221;0px||0px||true|false&#8221; global_colors_info=&#8221;{}&#8221;][et_pb_row column_structure=&#8221;1_2,1_2&#8243; use_custom_gutter=&#8221;on&#8221; gutter_width=&#8221;1&#8243; make_equal=&#8221;on&#8221; _builder_version=&#8221;4.20.4&#8243; _module_preset=&#8221;default&#8221; background_enable_image=&#8221;off&#8221; custom_padding=&#8221;0px||0px||true|false&#8221; global_colors_info=&#8221;{}&#8221;][et_pb_column type=&#8221;1_2&#8243; module_class=&#8221;page-header__text&#8221; _builder_version=&#8221;4.20.2&#8243; _module_preset=&#8221;default&#8221; use_background_color_gradient=&#8221;on&#8221; background_color_gradient_direction=&#8221;45deg&#8221; background_color_gradient_stops=&#8221;#e6e7eb 0%|#a7e1eb 99%&#8221; custom_padding=&#8221;8%|8%|8%|8%|true|true&#8221; custom_padding_tablet=&#8221;8%|8%|8%|8%|true|true&#8221; custom_padding_phone=&#8221;50px|50px|50px|50px|true|true&#8221; custom_padding_last_edited=&#8221;on|phone&#8221; global_colors_info=&#8221;{}&#8221;][et_pb_text _builder_version=&#8221;4.20.2&#8243; _module_preset=&#8221;933aeda0-48b5-4db9-be81-11c36a9d50a2&#8243; global_colors_info=&#8221;{}&#8221;]<\/p>\n<p>O projecto Silver Books enfatiza o interc\u00e2mbio, a partilha e a discuss\u00e3o para promover a inclus\u00e3o digital.<\/p>\n<p>[\/et_pb_text][\/et_pb_column][et_pb_column type=&#8221;1_2&#8243; _builder_version=&#8221;4.20.4&#8243; _module_preset=&#8221;default&#8221; background_image=&#8221;https:\/\/silverbooks.eu\/wp-content\/uploads\/2023\/04\/elderly-woman.jpg&#8221; custom_padding=&#8221;||50%||false|false&#8221; custom_padding_tablet=&#8221;||100%||false|false&#8221; custom_padding_phone=&#8221;||100%||false|false&#8221; custom_padding_last_edited=&#8221;on|desktop&#8221; global_colors_info=&#8221;{}&#8221;][et_pb_code raw_content_tablet=&#8221;%91lesapprimeurs_keycap key=%22S%22 style=%22color:var(&#8211;black); font-size:90px;%22%93&#8243; raw_content_phone=&#8221;%91lesapprimeurs_keycap key=%22S%22 style=%22color:var(&#8211;black); font-size:21.5vw;%22%93&#8243; raw_content_last_edited=&#8221;on|tablet&#8221; module_class=&#8221;home-sub__keycap1&#8243; _builder_version=&#8221;4.20.4&#8243; _module_preset=&#8221;default&#8221; transform_translate=&#8221;-50%|0px&#8221; transform_translate_linked=&#8221;off&#8221; transform_rotate=&#8221;0deg|0deg|15deg&#8221; positioning=&#8221;absolute&#8221; position_origin_a=&#8221;bottom_left&#8221; vertical_offset=&#8221;16%&#8221; locked=&#8221;off&#8221; global_colors_info=&#8221;{}&#8221;]<div class=\"keycap\" data-key=\"S\" style=\"color:#fff; font-size:180px;\">    <svg class=\"icon icon-keycap\">        <use xlink:href=\"#icon-keycap\"><\/use>    <\/svg><\/div>[\/et_pb_code][et_pb_code raw_content_tablet=&#8221;%91lesapprimeurs_keycap key=%22B%22 style=%22color:var(&#8211;yellow); font-size:90px;%22%93&#8243; raw_content_phone=&#8221;%91lesapprimeurs_keycap key=%22B%22 style=%22color:var(&#8211;yellow); font-size:21.5vw;%22%93&#8243; raw_content_last_edited=&#8221;on|tablet&#8221; module_class=&#8221;home-sub__keycap2&#8243; _builder_version=&#8221;4.20.4&#8243; _module_preset=&#8221;default&#8221; transform_translate=&#8221;50%|0px&#8221; transform_translate_linked=&#8221;off&#8221; transform_rotate=&#8221;0deg|0deg|-45deg&#8221; positioning=&#8221;absolute&#8221; position_origin_a=&#8221;top_right&#8221; vertical_offset=&#8221;16%&#8221; locked=&#8221;off&#8221; global_colors_info=&#8221;{}&#8221;]<div class=\"keycap\" data-key=\"B\" style=\"color:var(--yellow); font-size:180px;\">    <svg class=\"icon icon-keycap\">        <use xlink:href=\"#icon-keycap\"><\/use>    <\/svg><\/div>[\/et_pb_code][\/et_pb_column][\/et_pb_row][\/et_pb_section][et_pb_section fb_built=&#8221;1&#8243; disabled_on=&#8221;off|off|off&#8221; _builder_version=&#8221;4.24.2&#8243; _module_preset=&#8221;default&#8221; use_background_color_gradient=&#8221;on&#8221; background_color_gradient_direction=&#8221;45deg&#8221; background_color_gradient_stops=&#8221;#e6e7eb 0%|#ebd49b 99%&#8221; custom_margin=&#8221;100px||||false|false&#8221; custom_margin_tablet=&#8221;8%||||false|false&#8221; custom_margin_phone=&#8221;50px||||false|false&#8221; custom_margin_last_edited=&#8221;on|phone&#8221; custom_padding=&#8221;0px||0px||true|false&#8221; hover_enabled=&#8221;0&#8243; global_colors_info=&#8221;{}&#8221; sticky_enabled=&#8221;0&#8243;][et_pb_row column_structure=&#8221;1_3,2_3&#8243; use_custom_gutter=&#8221;on&#8221; gutter_width=&#8221;1&#8243; make_equal=&#8221;on&#8221; custom_padding_last_edited=&#8221;on|phone&#8221; module_class=&#8221;text-image&#8221; _builder_version=&#8221;4.20.4&#8243; _module_preset=&#8221;default&#8221; custom_padding=&#8221;0px||0px||true|false&#8221; custom_padding_tablet=&#8221;8%||||false|false&#8221; custom_padding_phone=&#8221;50px||||false|false&#8221; global_colors_info=&#8221;{}&#8221;][et_pb_column type=&#8221;1_3&#8243; module_class=&#8221;text-image__image&#8221; _builder_version=&#8221;4.20.4&#8243; _module_preset=&#8221;default&#8221; background_image=&#8221;https:\/\/silverbooks.eu\/wp-content\/uploads\/2023\/04\/caregiver-and-patient.jpg&#8221; custom_padding=&#8221;||33%||false|false&#8221; custom_padding_tablet=&#8221;||100%||false|false&#8221; custom_padding_phone=&#8221;||100%||false|false&#8221; custom_padding_last_edited=&#8221;on|tablet&#8221; global_colors_info=&#8221;{}&#8221;][\/et_pb_column][et_pb_column type=&#8221;2_3&#8243; module_class=&#8221;text-image__text&#8221; _builder_version=&#8221;4.20.2&#8243; _module_preset=&#8221;default&#8221; custom_padding=&#8221;8%||8%|8%|true|false&#8221; custom_padding_tablet=&#8221;50px||50px|0%|true|false&#8221; custom_padding_phone=&#8221;50px||50px|0%|true|false&#8221; custom_padding_last_edited=&#8221;on|phone&#8221; global_colors_info=&#8221;{}&#8221;][et_pb_text _builder_version=&#8221;4.20.4&#8243; _module_preset=&#8221;c2da95ac-6a8e-4685-91bc-4704e731bcf4&#8243; global_colors_info=&#8221;{}&#8221;]<\/p>\n<h2>O guia de implementa\u00e7\u00e3o<\/h2>\n<p>[\/et_pb_text][et_pb_text _builder_version=&#8221;4.20.4&#8243; _module_preset=&#8221;c2da95ac-6a8e-4685-91bc-4704e731bcf4&#8243; max_width=&#8221;500px&#8221; custom_margin=&#8221;25px||||false|false&#8221; global_colors_info=&#8221;{}&#8221;]<\/p>\n<p>Quer implementar os recursos do projecto Silver Books na sua organiza\u00e7\u00e3o?<\/p>\n<p>[\/et_pb_text][et_pb_button button_text=&#8221;Saiba mais&#8221; _builder_version=&#8221;4.24.2&#8243; _module_preset=&#8221;2cc088b6-0798-4127-a95a-a6670f5676a5&#8243; custom_margin=&#8221;50px||||false|false&#8221; hover_enabled=&#8221;0&#8243; global_colors_info=&#8221;{}&#8221; button_url=&#8221;@ET-DC@eyJkeW5hbWljIjp0cnVlLCJjb250ZW50IjoicG9zdF9saW5rX3VybF9wYWdlIiwic2V0dGluZ3MiOnsicG9zdF9pZCI6IjIxNDMifX0=@&#8221; _dynamic_attributes=&#8221;button_url&#8221; sticky_enabled=&#8221;0&#8243;][\/et_pb_button][\/et_pb_column][\/et_pb_row][\/et_pb_section][et_pb_section fb_built=&#8221;1&#8243; _builder_version=&#8221;4.20.2&#8243; _module_preset=&#8221;default&#8221; custom_margin=&#8221;100px||||false|false&#8221; custom_margin_tablet=&#8221;8%||||false|false&#8221; custom_margin_phone=&#8221;50px||||false|false&#8221; custom_margin_last_edited=&#8221;on|phone&#8221; custom_padding=&#8221;0px||0px||true|false&#8221; global_colors_info=&#8221;{}&#8221;][et_pb_row column_structure=&#8221;1_2,1_2&#8243; use_custom_gutter=&#8221;on&#8221; gutter_width=&#8221;1&#8243; make_equal=&#8221;on&#8221; disabled_on=&#8221;off|off|off&#8221; module_class=&#8221;text-image&#8221; _builder_version=&#8221;4.20.4&#8243; _module_preset=&#8221;default&#8221; background_enable_image=&#8221;off&#8221; custom_margin=&#8221;0px||0px||true|false&#8221; custom_padding=&#8221;0px||0px||true|false&#8221; global_colors_info=&#8221;{}&#8221;][et_pb_column type=&#8221;1_2&#8243; module_class=&#8221;text-image__image&#8221; _builder_version=&#8221;4.20.4&#8243; _module_preset=&#8221;default&#8221; background_image=&#8221;https:\/\/silverbooks.eu\/wp-content\/uploads\/2023\/04\/father-and-son.jpg&#8221; custom_padding=&#8221;||50%||false|false&#8221; custom_padding_tablet=&#8221;||100%||false|false&#8221; custom_padding_phone=&#8221;||100%||false|false&#8221; custom_padding_last_edited=&#8221;on|tablet&#8221; global_colors_info=&#8221;{}&#8221;][\/et_pb_column][et_pb_column type=&#8221;1_2&#8243; module_class=&#8221;text-image__text&#8221; _builder_version=&#8221;4.20.2&#8243; _module_preset=&#8221;default&#8221; custom_padding=&#8221;8%||8%|8%|true|false&#8221; custom_padding_tablet=&#8221;|||0%|true|false&#8221; custom_padding_phone=&#8221;50px||50px||true|false&#8221; custom_padding_last_edited=&#8221;on|phone&#8221; global_colors_info=&#8221;{}&#8221;][et_pb_code _builder_version=&#8221;4.20.2&#8243; _module_preset=&#8221;default&#8221; custom_margin=&#8221;auto||||false|false&#8221; global_colors_info=&#8221;{}&#8221;]<div class=\"keycap\" data-key=\"?\" style=\"\">    <svg class=\"icon icon-keycap\">        <use xlink:href=\"#icon-keycap\"><\/use>    <\/svg><\/div>[\/et_pb_code][et_pb_text _builder_version=&#8221;4.20.4&#8243; _module_preset=&#8221;c2da95ac-6a8e-4685-91bc-4704e731bcf4&#8243; custom_margin=&#8221;25px||||false|false&#8221; global_colors_info=&#8221;{}&#8221;]<\/p>\n<h2>O projecto<\/h2>\n<p>[\/et_pb_text][et_pb_text _builder_version=&#8221;4.20.4&#8243; _module_preset=&#8221;c2da95ac-6a8e-4685-91bc-4704e731bcf4&#8243; custom_margin=&#8221;25px||auto||false|false&#8221; global_colors_info=&#8221;{}&#8221;]<\/p>\n<p>O projecto Silver Books visa combinar a introdu\u00e7\u00e3o \u00e0s ferramentas digitais com a transmiss\u00e3o de know-how e experi\u00eancia de pessoas mais velhas para as mais jovens.<\/p>\n<p>[\/et_pb_text][et_pb_button button_url=&#8221;@ET-DC@eyJkeW5hbWljIjp0cnVlLCJjb250ZW50IjoicG9zdF9saW5rX3VybF9wYWdlIiwic2V0dGluZ3MiOnsicG9zdF9pZCI6IjM3MSJ9fQ==@&#8221; button_text=&#8221;Saiba mais&#8221; disabled_on=&#8221;off|off|off&#8221; _builder_version=&#8221;4.20.4&#8243; _dynamic_attributes=&#8221;button_url&#8221; _module_preset=&#8221;2cc088b6-0798-4127-a95a-a6670f5676a5&#8243; custom_margin=&#8221;50px||||false|false&#8221; global_colors_info=&#8221;{}&#8221;][\/et_pb_button][\/et_pb_column][\/et_pb_row][et_pb_row column_structure=&#8221;1_2,1_2&#8243; use_custom_gutter=&#8221;on&#8221; gutter_width=&#8221;1&#8243; make_equal=&#8221;on&#8221; disabled_on=&#8221;off|off|off&#8221; module_class=&#8221;text-image&#8221; _builder_version=&#8221;4.20.4&#8243; _module_preset=&#8221;default&#8221; background_enable_image=&#8221;off&#8221; custom_padding=&#8221;0px||0px||true|false&#8221; global_colors_info=&#8221;{}&#8221;][et_pb_column type=&#8221;1_2&#8243; module_class=&#8221;text-image__text&#8221; _builder_version=&#8221;4.20.2&#8243; _module_preset=&#8221;default&#8221; custom_padding=&#8221;8%|8%|8%||true|false&#8221; custom_padding_tablet=&#8221;|0%|||true|false&#8221; custom_padding_phone=&#8221;50px||50px||true|false&#8221; custom_padding_last_edited=&#8221;on|phone&#8221; global_colors_info=&#8221;{}&#8221;][et_pb_code _builder_version=&#8221;4.20.2&#8243; _module_preset=&#8221;default&#8221; custom_margin=&#8221;auto||||false|false&#8221; global_colors_info=&#8221;{}&#8221;]<div class=\"keycap\" data-key=\"\u00a7\" style=\"\">    <svg class=\"icon icon-keycap\">        <use xlink:href=\"#icon-keycap\"><\/use>    <\/svg><\/div>[\/et_pb_code][et_pb_text _builder_version=&#8221;4.23&#8243; _module_preset=&#8221;c2da95ac-6a8e-4685-91bc-4704e731bcf4&#8243; custom_margin=&#8221;25px||||false|false&#8221; global_colors_info=&#8221;{}&#8221;]<\/p>\n<h2>O m\u00f3dulo de forma\u00e7\u00e3o<\/h2>\n<p>[\/et_pb_text][et_pb_text _builder_version=&#8221;4.20.4&#8243; _module_preset=&#8221;c2da95ac-6a8e-4685-91bc-4704e731bcf4&#8243; custom_margin=&#8221;25px||auto||false|false&#8221; global_colors_info=&#8221;{}&#8221;]<\/p>\n<p>Quer promover liga\u00e7\u00f5es transgeracionais e ajudar os seniores a descobrir ferramentas digitais gra\u00e7as aos livros electr\u00f3nicos e audiolivros?<br \/>Descubra a nossa forma\u00e7\u00e3o online gratuita e de livre acesso.<\/p>\n<p>[\/et_pb_text][et_pb_button button_text=&#8221;Acesso ao curso&#8221; disabled_on=&#8221;off|off|off&#8221; _builder_version=&#8221;4.23&#8243; _module_preset=&#8221;2cc088b6-0798-4127-a95a-a6670f5676a5&#8243; custom_margin=&#8221;50px||||false|false&#8221; global_colors_info=&#8221;{}&#8221;][\/et_pb_button][\/et_pb_column][et_pb_column type=&#8221;1_2&#8243; module_class=&#8221;text-image__image&#8221; _builder_version=&#8221;4.20.4&#8243; _module_preset=&#8221;default&#8221; background_image=&#8221;https:\/\/silverbooks.eu\/wp-content\/uploads\/2023\/04\/caregiver.jpg&#8221; custom_padding=&#8221;||50%||false|false&#8221; custom_padding_tablet=&#8221;||100%||false|false&#8221; custom_padding_phone=&#8221;||100%||false|false&#8221; custom_padding_last_edited=&#8221;on|tablet&#8221; global_colors_info=&#8221;{}&#8221;][\/et_pb_column][\/et_pb_row][et_pb_row column_structure=&#8221;1_2,1_2&#8243; use_custom_gutter=&#8221;on&#8221; gutter_width=&#8221;1&#8243; make_equal=&#8221;on&#8221; disabled_on=&#8221;off|off|off&#8221; module_class=&#8221;text-image&#8221; _builder_version=&#8221;4.20.4&#8243; _module_preset=&#8221;default&#8221; background_enable_image=&#8221;off&#8221; custom_margin=&#8221;||||false|false&#8221; custom_padding=&#8221;0px||0px||true|false&#8221; global_colors_info=&#8221;{}&#8221;][et_pb_column type=&#8221;1_2&#8243; module_class=&#8221;text-image__image&#8221; _builder_version=&#8221;4.20.4&#8243; _module_preset=&#8221;default&#8221; background_image=&#8221;https:\/\/silverbooks.eu\/wp-content\/uploads\/2023\/04\/woman-with-earphones.jpg&#8221; custom_padding=&#8221;||50%||false|false&#8221; custom_padding_tablet=&#8221;||100%||false|false&#8221; custom_padding_phone=&#8221;||100%||false|false&#8221; custom_padding_last_edited=&#8221;on|tablet&#8221; global_colors_info=&#8221;{}&#8221;][\/et_pb_column][et_pb_column type=&#8221;1_2&#8243; module_class=&#8221;text-image__text&#8221; _builder_version=&#8221;4.20.2&#8243; _module_preset=&#8221;default&#8221; custom_padding=&#8221;8%||8%|8%|true|false&#8221; custom_padding_tablet=&#8221;|||0%|true|false&#8221; custom_padding_phone=&#8221;50px||50px||true|false&#8221; custom_padding_last_edited=&#8221;on|phone&#8221; global_colors_info=&#8221;{}&#8221;][et_pb_code _builder_version=&#8221;4.20.2&#8243; _module_preset=&#8221;default&#8221; custom_margin=&#8221;auto||||false|false&#8221; global_colors_info=&#8221;{}&#8221;]<div class=\"keycap\" data-key=\"#\" style=\"\">    <svg class=\"icon icon-keycap\">        <use xlink:href=\"#icon-keycap\"><\/use>    <\/svg><\/div>[\/et_pb_code][et_pb_text _builder_version=&#8221;4.20.4&#8243; _module_preset=&#8221;c2da95ac-6a8e-4685-91bc-4704e731bcf4&#8243; custom_margin=&#8221;25px||||false|false&#8221; global_colors_info=&#8221;{}&#8221;]<\/p>\n<h2>A biblioteca de livros electr\u00f3nicos<\/h2>\n<p>[\/et_pb_text][et_pb_text _builder_version=&#8221;4.20.4&#8243; _module_preset=&#8221;c2da95ac-6a8e-4685-91bc-4704e731bcf4&#8243; custom_margin=&#8221;25px||auto||false|false&#8221; global_colors_info=&#8221;{}&#8221;]<\/p>\n<p>Descubra os livros electr\u00f3nicos e audiolivros criados nas nossas oficinas.<\/p>\n<p>[\/et_pb_text][et_pb_button button_url=&#8221;@ET-DC@eyJkeW5hbWljIjp0cnVlLCJjb250ZW50IjoicG9zdF9saW5rX3VybF9wYWdlIiwic2V0dGluZ3MiOnsicG9zdF9pZCI6IjMxIn19@&#8221; button_text=&#8221;Saiba mais&#8221; disabled_on=&#8221;off|off|off&#8221; _builder_version=&#8221;4.24.2&#8243; _dynamic_attributes=&#8221;button_url&#8221; _module_preset=&#8221;2cc088b6-0798-4127-a95a-a6670f5676a5&#8243; custom_margin=&#8221;50px||||false|false&#8221; global_colors_info=&#8221;{}&#8221;][\/et_pb_button][\/et_pb_column][\/et_pb_row][et_pb_row column_structure=&#8221;1_2,1_2&#8243; use_custom_gutter=&#8221;on&#8221; gutter_width=&#8221;1&#8243; make_equal=&#8221;on&#8221; disabled_on=&#8221;off|off|off&#8221; _builder_version=&#8221;4.20.4&#8243; _module_preset=&#8221;default&#8221; background_color=&#8221;#4B4B4C&#8221; custom_margin=&#8221;100px||||false|false&#8221; custom_margin_tablet=&#8221;0px||||false|false&#8221; custom_margin_phone=&#8221;||||false|false&#8221; custom_margin_last_edited=&#8221;on|phone&#8221; custom_padding=&#8221;0px||0px||true|false&#8221; global_colors_info=&#8221;{}&#8221;][et_pb_column type=&#8221;1_2&#8243; _builder_version=&#8221;4.20.2&#8243; _module_preset=&#8221;default&#8221; custom_padding=&#8221;8%|8%|8%|8%|true|true&#8221; custom_padding_tablet=&#8221;8%|8%|8%|8%|true|true&#8221; custom_padding_phone=&#8221;50px|50px|50px|50px|true|true&#8221; custom_padding_last_edited=&#8221;on|phone&#8221; global_colors_info=&#8221;{}&#8221;][et_pb_text _builder_version=&#8221;4.20.4&#8243; _module_preset=&#8221;933aeda0-48b5-4db9-be81-11c36a9d50a2&#8243; background_layout=&#8221;dark&#8221; custom_margin=&#8221;||auto||false|false&#8221; global_colors_info=&#8221;{}&#8221;]<\/p>\n<p>Gostaria de ser mantido informado de futuros workshops?<\/p>\n<p>[\/et_pb_text][et_pb_button button_url=&#8221;@ET-DC@eyJkeW5hbWljIjp0cnVlLCJjb250ZW50IjoicG9zdF9saW5rX3VybF9wYWdlIiwic2V0dGluZ3MiOnsicG9zdF9pZCI6IjkxOSJ9fQ==@&#8221; button_text=&#8221;Registar&#8221; module_class=&#8221;btn-white&#8221; _builder_version=&#8221;4.20.4&#8243; _dynamic_attributes=&#8221;button_url&#8221; _module_preset=&#8221;2cc088b6-0798-4127-a95a-a6670f5676a5&#8243; background_layout=&#8221;dark&#8221; custom_margin=&#8221;50px||||false|false&#8221; global_colors_info=&#8221;{}&#8221;][\/et_pb_button][\/et_pb_column][et_pb_column type=&#8221;1_2&#8243; _builder_version=&#8221;4.20.2&#8243; _module_preset=&#8221;default&#8221; custom_padding_tablet=&#8221;&#8221; custom_padding_phone=&#8221;||150px||false|false&#8221; custom_padding_last_edited=&#8221;on|phone&#8221; global_colors_info=&#8221;{}&#8221;][et_pb_code raw_content_tablet=&#8221;&#8221; raw_content_phone=&#8221;%91lesapprimeurs_keycap key=%22S%22 style=%22color:#fff; font-size:21.5vw;%22%93&#8243; raw_content_last_edited=&#8221;on|phone&#8221; _builder_version=&#8221;4.20.2&#8243; _module_preset=&#8221;default&#8221; transform_rotate=&#8221;0deg|0deg|15deg&#8221; positioning=&#8221;absolute&#8221; position_origin_a=&#8221;bottom_right&#8221; vertical_offset=&#8221;50px&#8221; horizontal_offset=&#8221;280px&#8221; global_colors_info=&#8221;{}&#8221;]<div class=\"keycap\" data-key=\"S\" style=\"color:#fff; font-size:180px;\">    <svg class=\"icon icon-keycap\">        <use xlink:href=\"#icon-keycap\"><\/use>    <\/svg><\/div>[\/et_pb_code][et_pb_code raw_content_tablet=&#8221;&#8221; raw_content_phone=&#8221;%91lesapprimeurs_keycap key=%22B%22 style=%22color:var(&#8211;yellow); font-size:21.5vw;%22%93&#8243; raw_content_last_edited=&#8221;on|phone&#8221; _builder_version=&#8221;4.20.2&#8243; _module_preset=&#8221;default&#8221; transform_rotate=&#8221;0deg|0deg|-45deg&#8221; positioning=&#8221;absolute&#8221; position_origin_a=&#8221;top_right&#8221; vertical_offset=&#8221;-15px&#8221; horizontal_offset=&#8221;35px&#8221; global_colors_info=&#8221;{}&#8221;]<div class=\"keycap\" data-key=\"B\" style=\"color:var(--yellow); font-size:180px;\">    <svg class=\"icon icon-keycap\">        <use xlink:href=\"#icon-keycap\"><\/use>    <\/svg><\/div>[\/et_pb_code][\/et_pb_column][\/et_pb_row][et_pb_row _builder_version=&#8221;4.20.2&#8243; _module_preset=&#8221;default&#8221; custom_margin=&#8221;100px||||false|false&#8221; custom_margin_tablet=&#8221;8%||||false|false&#8221; custom_margin_phone=&#8221;50px||||false|false&#8221; custom_margin_last_edited=&#8221;on|phone&#8221; custom_padding=&#8221;0px||0px||true|false&#8221; global_colors_info=&#8221;{}&#8221;][et_pb_column type=&#8221;4_4&#8243; _builder_version=&#8221;4.20.2&#8243; _module_preset=&#8221;default&#8221; global_colors_info=&#8221;{}&#8221;][et_pb_text _builder_version=&#8221;4.20.2&#8243; _module_preset=&#8221;2655ed3f-2a54-4ccb-8679-8d2661cff9b4&#8243; text_orientation=&#8221;center&#8221; global_colors_info=&#8221;{}&#8221;]<\/p>\n<h2>Parceiros<\/h2>\n<p>[\/et_pb_text][\/et_pb_column][\/et_pb_row][et_pb_row column_structure=&#8221;1_4,1_4,1_4,1_4&#8243; module_class=&#8221;home-partners&#8221; _builder_version=&#8221;4.20.2&#8243; _module_preset=&#8221;default&#8221; custom_margin=&#8221;50px||100px||false|false&#8221; custom_margin_tablet=&#8221;4%||8%||false|false&#8221; custom_margin_phone=&#8221;25px||50px||false|false&#8221; custom_margin_last_edited=&#8221;on|phone&#8221; custom_padding=&#8221;0px||0px||true|false&#8221; global_colors_info=&#8221;{}&#8221;][et_pb_column type=&#8221;1_4&#8243; _builder_version=&#8221;4.20.2&#8243; _module_preset=&#8221;default&#8221; global_colors_info=&#8221;{}&#8221;][et_pb_image src=&#8221;https:\/\/silverbooks.eu\/wp-content\/uploads\/2023\/04\/lesapprimeurs.png&#8221; alt=&#8221;Les Apprimeurs&#8221; title_text=&#8221;Les Apprimeurs&#8221; align=&#8221;center&#8221; _builder_version=&#8221;4.20.2&#8243; _module_preset=&#8221;default&#8221; max_width=&#8221;180px&#8221; max_height=&#8221;120px&#8221; global_colors_info=&#8221;{}&#8221;][\/et_pb_image][\/et_pb_column][et_pb_column type=&#8221;1_4&#8243; _builder_version=&#8221;4.20.2&#8243; _module_preset=&#8221;default&#8221; global_colors_info=&#8221;{}&#8221;][et_pb_image src=&#8221;https:\/\/silverbooks.eu\/wp-content\/uploads\/2023\/04\/desincoop-1.png&#8221; alt=&#8221;Desincoop&#8221; title_text=&#8221;desincoop&#8221; align=&#8221;center&#8221; _builder_version=&#8221;4.20.2&#8243; _module_preset=&#8221;default&#8221; max_width=&#8221;180px&#8221; max_height=&#8221;120px&#8221; global_colors_info=&#8221;{}&#8221;][\/et_pb_image][\/et_pb_column][et_pb_column type=&#8221;1_4&#8243; _builder_version=&#8221;4.20.2&#8243; _module_preset=&#8221;default&#8221; global_colors_info=&#8221;{}&#8221;][et_pb_image src=&#8221;https:\/\/silverbooks.eu\/wp-content\/uploads\/2023\/04\/solcocittaaperta.png&#8221; alt=&#8221;Solco Citt\u00e0 Aperta&#8221; title_text=&#8221;Solco Citt\u00e0 Aperta&#8221; align=&#8221;center&#8221; _builder_version=&#8221;4.20.2&#8243; _module_preset=&#8221;default&#8221; max_width=&#8221;180px&#8221; max_height=&#8221;120px&#8221; global_colors_info=&#8221;{}&#8221;][\/et_pb_image][\/et_pb_column][et_pb_column type=&#8221;1_4&#8243; _builder_version=&#8221;4.20.2&#8243; _module_preset=&#8221;default&#8221; global_colors_info=&#8221;{}&#8221;][et_pb_image src=&#8221;https:\/\/silverbooks.eu\/wp-content\/uploads\/2023\/04\/logopsycom.png&#8221; alt=&#8221;Logopsycom&#8221; title_text=&#8221;Logopsycom&#8221; align=&#8221;center&#8221; _builder_version=&#8221;4.20.2&#8243; _module_preset=&#8221;default&#8221; max_width=&#8221;180px&#8221; max_height=&#8221;120px&#8221; global_colors_info=&#8221;{}&#8221;][\/et_pb_image][\/et_pb_column][\/et_pb_row][\/et_pb_section]<\/p>\n","protected":false},"excerpt":{"rendered":"<p>O projecto Silver Books enfatiza o interc\u00e2mbio, a partilha e a discuss\u00e3o para promover a inclus\u00e3o digital.<div class=\"keycap\" data-key=\"S\" style=\"color:#fff; font-size:180px;\">    <svg class=\"icon icon-keycap\">        <use xlink:href=\"#icon-keycap\"><\/use>    <\/svg><\/div><div class=\"keycap\" data-key=\"B\" style=\"color:var(--yellow); font-size:180px;\">    <svg class=\"icon icon-keycap\">        <use xlink:href=\"#icon-keycap\"><\/use>    <\/svg><\/div>O guia de implementa\u00e7\u00e3oQuer implementar os recursos do projecto Silver Books na sua organiza\u00e7\u00e3o?<div class=\"keycap\" data-key=\"?\" style=\"\">    <svg class=\"icon icon-keycap\">        <use xlink:href=\"#icon-keycap\"><\/use>    <\/svg><\/div>O projectoO projecto Silver Books visa combinar a introdu\u00e7\u00e3o \u00e0s ferramentas digitais com a transmiss\u00e3o de know-how e experi\u00eancia [&hellip;]<\/p>\n","protected":false},"author":1,"featured_media":0,"parent":0,"menu_order":0,"comment_status":"closed","ping_status":"closed","template":"","meta":{"_acf_changed":false,"_et_pb_use_builder":"on","_et_pb_old_content":"","_et_gb_content_width":"","footnotes":""},"class_list":["post-1213","page","type-page","status-publish","hentry"],"acf":[],"_links":{"self":[{"href":"https:\/\/silverbooks.eu\/pt-pt\/wp-json\/wp\/v2\/pages\/1213","targetHints":{"allow":["GET"]}}],"collection":[{"href":"https:\/\/silverbooks.eu\/pt-pt\/wp-json\/wp\/v2\/pages"}],"about":[{"href":"https:\/\/silverbooks.eu\/pt-pt\/wp-json\/wp\/v2\/types\/page"}],"author":[{"embeddable":true,"href":"https:\/\/silverbooks.eu\/pt-pt\/wp-json\/wp\/v2\/users\/1"}],"replies":[{"embeddable":true,"href":"https:\/\/silverbooks.eu\/pt-pt\/wp-json\/wp\/v2\/comments?post=1213"}],"version-history":[{"count":18,"href":"https:\/\/silverbooks.eu\/pt-pt\/wp-json\/wp\/v2\/pages\/1213\/revisions"}],"predecessor-version":[{"id":2348,"href":"https:\/\/silverbooks.eu\/pt-pt\/wp-json\/wp\/v2\/pages\/1213\/revisions\/2348"}],"wp:attachment":[{"href":"https:\/\/silverbooks.eu\/pt-pt\/wp-json\/wp\/v2\/media?parent=1213"}],"curies":[{"name":"wp","href":"https:\/\/api.w.org\/{rel}","templated":true}]}}