{"id":1175,"date":"2023-04-04T14:13:52","date_gmt":"2023-04-04T12:13:52","guid":{"rendered":"https:\/\/silverbooks.eu\/informazioni-legali\/"},"modified":"2023-07-27T17:33:21","modified_gmt":"2023-07-27T15:33:21","slug":"informazioni-legali","status":"publish","type":"page","link":"https:\/\/silverbooks.eu\/it\/informazioni-legali\/","title":{"rendered":"Informazioni legali"},"content":{"rendered":"\n<p>In conformit\u00e0 alle disposizioni delle clausole 6-III e 19 della legge francese sulla fiducia nell&#8217;economia digitale (loi pour la Confiance dans l&#8217;\u00c9conomie Num\u00e9rique), con la presente vi informiamo che:<\/p>\n\n<h2 class=\"wp-block-heading\">Hosting<\/h2>\n\n<p>Infomaniak Network SA<br\/>Rue Eug\u00e8ne Marziano 25 &#8211; 1227 Les Acacias \/ Geneva &#8211; SWITZERLAND<br\/>Tel.: <a href=\"tel:+41%2022%20820%2035%2044\" target=\"_blank\" rel=\"noreferrer noopener\">+41 22 820 35 44<\/a><br\/>E-mail: <a href=\"mailto:contact@infomaniak.com\" target=\"_blank\" rel=\"noreferrer noopener\">contact@infomaniak.com<\/a><br\/>Sito web: <a href=\"https:\/\/www.infomaniak.com\/\" target=\"_blank\" rel=\"noreferrer noopener\">https:\/\/www.infomaniak.com\/<\/a><\/p>\n\n<h2 class=\"wp-block-heading\">Editore<\/h2>\n\n<p>Questo sito web \u00e8 pubblicato da Les Apprimeurs e dal partenariato del progetto Silver Books Erasmus+. Le informazioni relative al responsabile della pubblicazione sono state trasmesse alla societ\u00e0 di hosting in conformit\u00e0 alla legge.<\/p>\n\n<h2 class=\"wp-block-heading\">Progetto Silver Books<\/h2>\n\n<p>Questo progetto \u00e8 stato finanziato dall&#8217;Unione Europea. Il sostegno della Commissione europea alla realizzazione di questa pubblicazione non costituisce un&#8217;approvazione dei contenuti, che riflettono esclusivamente il punto di vista degli autori, e la Commissione non pu\u00f2 essere ritenuta responsabile dell&#8217;uso che pu\u00f2 essere fatto delle informazioni in essa contenute.<\/p>\n\n<h2 class=\"wp-block-heading\">Dati personali<\/h2>\n\n<p>I dati raccolti da questo sito web non saranno mai venduti o trasmessi a terzi e saranno utilizzati con la massima discrezione da parte nostra, solo per lo scopo per il quale ci avete fornito tali dati. In nessun caso utilizzeremo i vostri dati per scopi diversi da quelli chiaramente indicati quando ce li avete forniti.<\/p>\n\n<p>I dati di connessione (ad es. indirizzo IP, log di connessione) possono essere raccolti quando visitate questo sito web. Navigando su questo sito web, l&#8217;utente acconsente a trasmetterceli.<\/p>\n\n<p>I dati che l&#8217;utente invia esplicitamente tramite la pagina di contatto di questo sito web attraverso i moduli saranno utilizzati solo a scopo di risposta. Tutte le informazioni inviate tramite questi moduli saranno cancellate entro 3 anni dalla loro trasmissione.<\/p>\n\n<p>Inoltre, l&#8217;indirizzo e-mail che ci fornirete per testare le nostre risorse o per partecipare al progetto Silver Books sulla pagina iniziale di questo sito web sar\u00e0 utilizzato solo per inviarvi informazioni sul progetto in corso. \u00c8 possibile annullare l&#8217;iscrizione in qualsiasi momento inviando un&#8217;e-mail a <a rel=\"noreferrer noopener\" href=\"mailto:contact@lesapprimeurs.com\" target=\"_blank\">contact@lesapprimeurs.com<\/a><\/p>\n\n<p>I dati trasmessi su questo sito web sono accessibili solo ai servizi interni competenti, vale a dire:<\/p>\n\n<ul class=\"wp-block-list\">\n<li>Per gli indirizzi IP, i log e tutti i dati di connessione, solo gli amministratori del sito web.<\/li>\n\n\n\n<li>Per le e-mail trasmesse per la lista Join us, solo gli amministratori del sito web.<\/li>\n\n\n\n<li>Per le informazioni trasmesse tramite il modulo di contatto, solo il partner pertinente della lingua selezionata.<\/li>\n\n\n\n<li>Per qualsiasi domanda relativa alla protezione, alla sicurezza e all&#8217;utilizzo dei dati personali, vi preghiamo di contattarci all&#8217;indirizzo e-mail<a href=\"mailto:contact@lesapprimeurs.com\" target=\"_blank\" rel=\"noreferrer noopener\">contact@lesapprimeurs.com<\/a>.<\/li>\n<\/ul>\n\n<p>L&#8217;utente ha il diritto di richiedere in qualsiasi momento la cancellazione di una parte o di tutti i dati personali che lo riguardano inviando un&#8217;e-mail a <a rel=\"noreferrer noopener\" href=\"mailto:contact@lesapprimeurs.com\" target=\"_blank\">contact@lesapprimeurs.com<\/a>.<\/p>\n\n<p>Se la risposta non \u00e8 soddisfacente, \u00e8 possibile presentare un reclamo alla Commissione nazionale per l&#8217;informatica e le libert\u00e0 (CNIL): <a rel=\"noreferrer noopener\" href=\"https:\/\/www.cnil.fr\/fr\/plaintes\" target=\"_blank\">https:\/\/www.cnil.fr\/fr\/plaintes<\/a>.<\/p>\n\n<p>Qualsiasi controversia relativa all&#8217;utilizzo del Sito sar\u00e0 soggetta alla legge francese. I visitatori del Sito riconoscono e accettano la giurisdizione esclusiva dei tribunali competenti che rientrano nella giurisdizione della Corte d&#8217;Appello di Parigi (Cour d&#8217;appel de Paris).<\/p>\n","protected":false},"excerpt":{"rendered":"<p>In conformit\u00e0 alle disposizioni delle clausole 6-III e 19 della legge francese sulla fiducia nell&#8217;economia digitale (loi pour la Confiance dans l&#8217;\u00c9conomie Num\u00e9rique), con la presente vi informiamo che: Hosting Infomaniak Network SARue Eug\u00e8ne Marziano 25 &#8211; 1227 Les Acacias \/ Geneva &#8211; SWITZERLANDTel.: +41 22 820 35 44E-mail: contact@infomaniak.comSito web: https:\/\/www.infomaniak.com\/ Editore Questo sito [&hellip;]<\/p>\n","protected":false},"author":1,"featured_media":1188,"parent":0,"menu_order":0,"comment_status":"closed","ping_status":"closed","template":"","meta":{"_acf_changed":false,"_et_pb_use_builder":"off","_et_pb_old_content":"","_et_gb_content_width":"","footnotes":""},"class_list":["post-1175","page","type-page","status-publish","has-post-thumbnail","hentry"],"acf":[],"_links":{"self":[{"href":"https:\/\/silverbooks.eu\/it\/wp-json\/wp\/v2\/pages\/1175","targetHints":{"allow":["GET"]}}],"collection":[{"href":"https:\/\/silverbooks.eu\/it\/wp-json\/wp\/v2\/pages"}],"about":[{"href":"https:\/\/silverbooks.eu\/it\/wp-json\/wp\/v2\/types\/page"}],"author":[{"embeddable":true,"href":"https:\/\/silverbooks.eu\/it\/wp-json\/wp\/v2\/users\/1"}],"replies":[{"embeddable":true,"href":"https:\/\/silverbooks.eu\/it\/wp-json\/wp\/v2\/comments?post=1175"}],"version-history":[{"count":1,"href":"https:\/\/silverbooks.eu\/it\/wp-json\/wp\/v2\/pages\/1175\/revisions"}],"predecessor-version":[{"id":1176,"href":"https:\/\/silverbooks.eu\/it\/wp-json\/wp\/v2\/pages\/1175\/revisions\/1176"}],"wp:featuredmedia":[{"embeddable":true,"href":"https:\/\/silverbooks.eu\/it\/wp-json\/wp\/v2\/media\/1188"}],"wp:attachment":[{"href":"https:\/\/silverbooks.eu\/it\/wp-json\/wp\/v2\/media?parent=1175"}],"curies":[{"name":"wp","href":"https:\/\/api.w.org\/{rel}","templated":true}]}}