{"id":1172,"date":"2023-04-04T12:21:24","date_gmt":"2023-04-04T10:21:24","guid":{"rendered":"https:\/\/silverbooks.eu\/partner\/"},"modified":"2024-03-06T13:07:57","modified_gmt":"2024-03-06T11:07:57","slug":"partner","status":"publish","type":"page","link":"https:\/\/silverbooks.eu\/it\/partner\/","title":{"rendered":"Partner"},"content":{"rendered":"\n<div class=\"wp-block-columns is-layout-flex wp-container-core-columns-is-layout-9d6595d7 wp-block-columns-is-layout-flex\">\n<div class=\"wp-block-column partner is-layout-flow wp-block-column-is-layout-flow\">\n<figure class=\"wp-block-image size-full\"><img loading=\"lazy\" decoding=\"async\" width=\"300\" height=\"68\" src=\"https:\/\/silverbooks.eu\/wp-content\/uploads\/2023\/04\/lesapprimeurs.png\" alt=\"Les Apprimeurs\" class=\"wp-image-193\"\/><\/figure>\n\n\n\n<h2 class=\"wp-block-heading\">Les Apprimeurs<\/h2>\n\n\n\n<p><strong>Francia<\/strong><\/p>\n\n\n\n<div class=\"wp-block-buttons is-layout-flex wp-block-buttons-is-layout-flex\">\n<div class=\"wp-block-button\"><a class=\"wp-block-button__link wp-element-button\" href=\"https:\/\/lesapprimeurs.com\/en\/\" target=\"_blank\" rel=\"noreferrer noopener\">Sito web<\/a><\/div>\n<\/div>\n<\/div>\n\n\n\n<div class=\"wp-block-column partner is-layout-flow wp-block-column-is-layout-flow\">\n<figure class=\"wp-block-image size-full\"><img loading=\"lazy\" decoding=\"async\" width=\"300\" height=\"95\" src=\"https:\/\/silverbooks.eu\/wp-content\/uploads\/2023\/04\/desincoop-1.png\" alt=\"Desincoop\" class=\"wp-image-288\"\/><\/figure>\n\n\n\n<h2 class=\"wp-block-heading\">Desincoop<\/h2>\n\n\n\n<p><strong>Portogallo<\/strong><\/p>\n\n\n\n<div class=\"wp-block-buttons is-layout-flex wp-block-buttons-is-layout-flex\">\n<div class=\"wp-block-button\"><a class=\"wp-block-button__link wp-element-button\" href=\"https:\/\/www.facebook.com\/Desincoop\/\" target=\"_blank\" rel=\"noreferrer noopener\">Sito web<\/a><\/div>\n<\/div>\n<\/div>\n<\/div>\n\n<div class=\"wp-block-columns is-layout-flex wp-container-core-columns-is-layout-9d6595d7 wp-block-columns-is-layout-flex\">\n<div class=\"wp-block-column partner is-layout-flow wp-block-column-is-layout-flow\">\n<figure class=\"wp-block-image size-full\"><img loading=\"lazy\" decoding=\"async\" width=\"500\" height=\"159\" src=\"https:\/\/silverbooks.eu\/wp-content\/uploads\/2023\/04\/solcocittaaperta.png\" alt=\"Consorzio Solco Citt&#xE0; Aperta\" class=\"wp-image-196\" srcset=\"https:\/\/silverbooks.eu\/wp-content\/uploads\/2023\/04\/solcocittaaperta.png 500w, https:\/\/silverbooks.eu\/wp-content\/uploads\/2023\/04\/solcocittaaperta-480x153.png 480w\" sizes=\"(min-width: 0px) and (max-width: 480px) 480px, (min-width: 481px) 500px, 100vw\" \/><\/figure>\n\n\n\n<h2 class=\"wp-block-heading\">Consorzio Solco Citt\u00e0 Aperta<\/h2>\n\n\n\n<p><strong>Italia<\/strong><\/p>\n\n\n\n<div class=\"wp-block-buttons is-layout-flex wp-block-buttons-is-layout-flex\">\n<div class=\"wp-block-button\"><a class=\"wp-block-button__link wp-element-button\" href=\"https:\/\/solcocittaaperta.it\/\" target=\"_blank\" rel=\"noreferrer noopener\">Sito web<\/a><\/div>\n<\/div>\n<\/div>\n\n\n\n<div class=\"wp-block-column partner is-layout-flow wp-block-column-is-layout-flow\">\n<figure class=\"wp-block-image size-full\"><img loading=\"lazy\" decoding=\"async\" width=\"400\" height=\"234\" src=\"https:\/\/silverbooks.eu\/wp-content\/uploads\/2023\/04\/logopsycom.png\" alt=\"Logopsycom\" class=\"wp-image-200\" srcset=\"https:\/\/silverbooks.eu\/wp-content\/uploads\/2023\/04\/logopsycom.png 400w, https:\/\/silverbooks.eu\/wp-content\/uploads\/2023\/04\/logopsycom-300x176.png 300w\" sizes=\"(max-width: 400px) 100vw, 400px\" \/><\/figure>\n\n\n\n<h2 class=\"wp-block-heading\">Logopsycom<\/h2>\n\n\n\n<p><strong>Belgio<\/strong><\/p>\n\n\n\n<div class=\"wp-block-buttons is-layout-flex wp-block-buttons-is-layout-flex\">\n<div class=\"wp-block-button\"><a class=\"wp-block-button__link wp-element-button\" href=\"https:\/\/logopsycom.com\/\" target=\"_blank\" rel=\"noreferrer noopener\">Sito web<\/a><\/div>\n<\/div>\n<\/div>\n<\/div>\n\n<div style=\"height:100px\" aria-hidden=\"true\" class=\"wp-block-spacer\"><\/div>\n\n<h2 class=\"wp-block-heading has-text-align-center\">Associated partners<\/h2>\n\n<div style=\"height:50px\" aria-hidden=\"true\" class=\"wp-block-spacer\"><\/div>\n\n<div class=\"wp-block-columns associated-partners is-layout-flex wp-container-core-columns-is-layout-9d6595d7 wp-block-columns-is-layout-flex\">\n<div class=\"wp-block-column partner is-layout-flow wp-block-column-is-layout-flow\">\n<figure class=\"wp-block-image size-full\"><img loading=\"lazy\" decoding=\"async\" width=\"817\" height=\"200\" src=\"https:\/\/silverbooks.eu\/wp-content\/uploads\/2023\/09\/outra-voz.png\" alt=\"Outra Voz\" class=\"wp-image-1469\" srcset=\"https:\/\/silverbooks.eu\/wp-content\/uploads\/2023\/09\/outra-voz.png 817w, https:\/\/silverbooks.eu\/wp-content\/uploads\/2023\/09\/outra-voz-480x118.png 480w\" sizes=\"(min-width: 0px) and (max-width: 480px) 480px, (min-width: 481px) 817px, 100vw\" \/><\/figure>\n\n\n\n<h3 class=\"wp-block-heading has-text-align-left\">Outra Voz<\/h3>\n\n\n\n<p><strong>Portogallo<\/strong><\/p>\n\n\n\n<p>\u201cOutra Voz&#8221;(Another Voice) is a community group dedicated to vocal expression and exploration based on music of oral tradition and transmission and beyond.<\/p>\n\n\n\n<p>Created in 2010, in the context of the Community Area of the Guimar\u00e3es ECOC-2012 programme, it is the only artistic project that remained beyond the realisation of the European Capital of Culture.<\/p>\n\n\n\n<p>Constituted in 2013 as a cultural association, &#8220;Outra Voz&#8221; has its regular rehearsal activity distributed in different parishes of the municipality of Guimar\u00e3es. Counting on a formation of about a hundred participants, &#8220;Outra Voz&#8221; is a meeting point, but also a genuine phenomenon of autonomy and self-organisation effectively communitarian.<\/p>\n\n\n\n<div class=\"wp-block-buttons is-layout-flex wp-block-buttons-is-layout-flex\">\n<div class=\"wp-block-button\"><a class=\"wp-block-button__link wp-element-button\" href=\"https:\/\/www.facebook.com\/outravoz\" target=\"_blank\" rel=\"noreferrer noopener\">Sito web<\/a><\/div>\n<\/div>\n<\/div>\n\n\n\n<div class=\"wp-block-column partner is-layout-flow wp-block-column-is-layout-flow\">\n<figure class=\"wp-block-image size-full\"><img loading=\"lazy\" decoding=\"async\" width=\"200\" height=\"200\" src=\"https:\/\/silverbooks.eu\/wp-content\/uploads\/2023\/09\/rimas-e-tabuadas.png\" alt=\"Rimas e Tabuadas\" class=\"wp-image-1473\" srcset=\"https:\/\/silverbooks.eu\/wp-content\/uploads\/2023\/09\/rimas-e-tabuadas.png 200w, https:\/\/silverbooks.eu\/wp-content\/uploads\/2023\/09\/rimas-e-tabuadas-150x150.png 150w\" sizes=\"(max-width: 200px) 100vw, 200px\" \/><\/figure>\n\n\n\n<h3 class=\"wp-block-heading has-text-align-left\">Rimas e Tabuadas<\/h3>\n\n\n\n<p><strong>Portogallo<\/strong><\/p>\n\n\n\n<p>Rimas e Tabuadas is a Bookshop -Caf\u00e9, founded in 2017, marginal and unexpected, in a time when it is said that books have their days numbered. Rimas e Tabuadas is an old desire to provoke surprise through books and through the beauty of moments around a coffee table. Books and people, always books, books read, books to read. Books and people to share readings. Meetings with those who like to talk, listen and delve into an author, a theme, an event. Highlights include the launch and co-edition of the book Sombra Sil\u00eancio, by Carlos Po\u00e7as Falc\u00e3o, from Opera Omnia -1st prize for Best Poetry Book 2019, by the Portuguese Society of Authors.<\/p>\n\n\n\n<div class=\"wp-block-buttons is-layout-flex wp-block-buttons-is-layout-flex\">\n<div class=\"wp-block-button\"><a class=\"wp-block-button__link wp-element-button\" href=\"https:\/\/www.facebook.com\/rimasetabuadas\" target=\"_blank\" rel=\"noreferrer noopener\">Sito web<\/a><\/div>\n<\/div>\n<\/div>\n<\/div>\n\n<div class=\"wp-block-columns associated-partners is-layout-flex wp-container-core-columns-is-layout-9d6595d7 wp-block-columns-is-layout-flex\">\n<div class=\"wp-block-column partner is-layout-flow wp-block-column-is-layout-flow\">\n<figure class=\"wp-block-image size-full\"><img loading=\"lazy\" decoding=\"async\" width=\"500\" height=\"159\" src=\"https:\/\/silverbooks.eu\/wp-content\/uploads\/2024\/03\/aefh.jpg\" alt=\"Agrupamento de Escolas Francisco de Holanda\" class=\"wp-image-2428\" srcset=\"https:\/\/silverbooks.eu\/wp-content\/uploads\/2024\/03\/aefh.jpg 500w, https:\/\/silverbooks.eu\/wp-content\/uploads\/2024\/03\/aefh-480x153.jpg 480w\" sizes=\"(min-width: 0px) and (max-width: 480px) 480px, (min-width: 481px) 500px, 100vw\" \/><\/figure>\n\n\n\n<h3 class=\"wp-block-heading\">AEFH (Agrupamento de Escolas Francisco de Holanda)<\/h3>\n\n\n\n<p><strong>Portogallo<\/strong><\/p>\n\n\n\n<div class=\"wp-block-buttons is-layout-flex wp-block-buttons-is-layout-flex\">\n<div class=\"wp-block-button\"><a class=\"wp-block-button__link wp-element-button\" href=\"http:\/\/www.aefh.pt\/\" target=\"_blank\" rel=\"noreferrer noopener\">Sito web<\/a><\/div>\n<\/div>\n<\/div>\n\n\n\n<div class=\"wp-block-column partner is-layout-flow wp-block-column-is-layout-flow\">\n<figure class=\"wp-block-image size-full\"><img loading=\"lazy\" decoding=\"async\" width=\"161\" height=\"200\" src=\"https:\/\/silverbooks.eu\/wp-content\/uploads\/2024\/03\/centro-social-nossa-sra-carmo.png\" alt=\"Centro Social Nossa Senhora do Carmo\" class=\"wp-image-2432\"\/><\/figure>\n\n\n\n<h3 class=\"wp-block-heading\">Centro Social Nossa Senhora do Carmo<\/h3>\n\n\n\n<p><strong>Portogallo<\/strong><\/p>\n\n\n\n<div class=\"wp-block-buttons is-layout-flex wp-block-buttons-is-layout-flex\">\n<div class=\"wp-block-button\"><a class=\"wp-block-button__link wp-element-button\" href=\"https:\/\/www.facebook.com\/people\/Centro-Social-Nossa-Senhora-do-Carmo\/100066251778504\/\" target=\"_blank\" rel=\"noreferrer noopener\">Sito web<\/a><\/div>\n<\/div>\n<\/div>\n<\/div>\n\n<div class=\"wp-block-columns associated-partners is-layout-flex wp-container-core-columns-is-layout-9d6595d7 wp-block-columns-is-layout-flex\">\n<div class=\"wp-block-column partner is-layout-flow wp-block-column-is-layout-flow\">\n<h3 class=\"wp-block-heading\">Poetas do Selho<\/h3>\n\n\n\n<p><strong>Portogallo<\/strong><\/p>\n\n\n\n<div class=\"wp-block-buttons is-layout-flex wp-block-buttons-is-layout-flex\">\n<div class=\"wp-block-button\"><a class=\"wp-block-button__link wp-element-button\" href=\"https:\/\/www.facebook.com\/people\/Poetas-do-Selho\/100064802076188\/\" target=\"_blank\" rel=\"noreferrer noopener\">Sito web<\/a><\/div>\n<\/div>\n<\/div>\n\n\n\n<div class=\"wp-block-column partner is-layout-flow wp-block-column-is-layout-flow\"><\/div>\n<\/div>\n","protected":false},"excerpt":{"rendered":"<p>Les Apprimeurs Francia Desincoop Portogallo Consorzio Solco Citt\u00e0 Aperta Italia Logopsycom Belgio Associated partners Outra Voz Portogallo \u201cOutra Voz&#8221;(Another Voice) is a community group dedicated to vocal expression and exploration based on music of oral tradition and transmission and beyond. Created in 2010, in the context of the Community Area of the Guimar\u00e3es ECOC-2012 programme, [&hellip;]<\/p>\n","protected":false},"author":1,"featured_media":1188,"parent":0,"menu_order":0,"comment_status":"closed","ping_status":"closed","template":"","meta":{"_acf_changed":false,"_et_pb_use_builder":"off","_et_pb_old_content":"","_et_gb_content_width":"","footnotes":""},"class_list":["post-1172","page","type-page","status-publish","has-post-thumbnail","hentry"],"acf":[],"_links":{"self":[{"href":"https:\/\/silverbooks.eu\/it\/wp-json\/wp\/v2\/pages\/1172","targetHints":{"allow":["GET"]}}],"collection":[{"href":"https:\/\/silverbooks.eu\/it\/wp-json\/wp\/v2\/pages"}],"about":[{"href":"https:\/\/silverbooks.eu\/it\/wp-json\/wp\/v2\/types\/page"}],"author":[{"embeddable":true,"href":"https:\/\/silverbooks.eu\/it\/wp-json\/wp\/v2\/users\/1"}],"replies":[{"embeddable":true,"href":"https:\/\/silverbooks.eu\/it\/wp-json\/wp\/v2\/comments?post=1172"}],"version-history":[{"count":10,"href":"https:\/\/silverbooks.eu\/it\/wp-json\/wp\/v2\/pages\/1172\/revisions"}],"predecessor-version":[{"id":2475,"href":"https:\/\/silverbooks.eu\/it\/wp-json\/wp\/v2\/pages\/1172\/revisions\/2475"}],"wp:featuredmedia":[{"embeddable":true,"href":"https:\/\/silverbooks.eu\/it\/wp-json\/wp\/v2\/media\/1188"}],"wp:attachment":[{"href":"https:\/\/silverbooks.eu\/it\/wp-json\/wp\/v2\/media?parent=1172"}],"curies":[{"name":"wp","href":"https:\/\/api.w.org\/{rel}","templated":true}]}}