{"id":2312,"date":"2024-02-29T18:26:31","date_gmt":"2024-02-29T16:26:31","guid":{"rendered":"https:\/\/silverbooks.eu\/guide-mise-en-oeuvre\/"},"modified":"2024-03-06T12:20:05","modified_gmt":"2024-03-06T10:20:05","slug":"guide-mise-en-oeuvre","status":"publish","type":"page","link":"https:\/\/silverbooks.eu\/fr\/guide-mise-en-oeuvre\/","title":{"rendered":"Guide de mise en \u0153uvre"},"content":{"rendered":"<p>[et_pb_section fb_built=\u00a0\u00bb1&Prime; _builder_version=\u00a0\u00bb4.20.2&Prime; _module_preset=\u00a0\u00bbdefault\u00a0\u00bb custom_margin=\u00a0\u00bb||100px||false|false\u00a0\u00bb custom_margin_tablet=\u00a0\u00bb||8%||false|false\u00a0\u00bb custom_margin_phone=\u00a0\u00bb||50px||false|false\u00a0\u00bb custom_margin_last_edited=\u00a0\u00bbon|phone\u00a0\u00bb custom_padding=\u00a0\u00bb0px||0px||true|false\u00a0\u00bb global_colors_info=\u00a0\u00bb{}\u00a0\u00bb][et_pb_row column_structure=\u00a0\u00bb1_2,1_2&Prime; use_custom_gutter=\u00a0\u00bbon\u00a0\u00bb gutter_width=\u00a0\u00bb1&Prime; make_equal=\u00a0\u00bbon\u00a0\u00bb _builder_version=\u00a0\u00bb4.24.2&Prime; _module_preset=\u00a0\u00bbdefault\u00a0\u00bb background_image=\u00a0\u00bbhttps:\/\/silverbooks.eu\/wp-content\/uploads\/2023\/04\/caregiver-and-patient.jpg\u00a0\u00bb custom_padding=\u00a0\u00bb0px||0px||true|false\u00a0\u00bb global_colors_info=\u00a0\u00bb{}\u00a0\u00bb][et_pb_column type=\u00a0\u00bb1_2&Prime; module_class=\u00a0\u00bbpage-header__text\u00a0\u00bb _builder_version=\u00a0\u00bb4.24.2&Prime; _module_preset=\u00a0\u00bbdefault\u00a0\u00bb use_background_color_gradient=\u00a0\u00bbon\u00a0\u00bb background_color_gradient_direction=\u00a0\u00bb45deg\u00a0\u00bb background_color_gradient_stops=\u00a0\u00bb#e6e7eb 0%|#ebd49b 100%\u00a0\u00bb custom_padding=\u00a0\u00bb8%|8%|8%|8%|true|true\u00a0\u00bb custom_padding_tablet=\u00a0\u00bb8%|8%|8%|8%|true|true\u00a0\u00bb custom_padding_phone=\u00a0\u00bb50px|50px|50px|50px|true|true\u00a0\u00bb custom_padding_last_edited=\u00a0\u00bbon|phone\u00a0\u00bb global_colors_info=\u00a0\u00bb{}\u00a0\u00bb][et_pb_text _builder_version=\u00a0\u00bb4.20.2&Prime; _dynamic_attributes=\u00a0\u00bbcontent\u00a0\u00bb _module_preset=\u00a0\u00bbdefault\u00a0\u00bb text_font_size=\u00a0\u00bb1.88rem\u00a0\u00bb custom_margin=\u00a0\u00bb||auto||false|false\u00a0\u00bb global_colors_info=\u00a0\u00bb{}\u00a0\u00bb]@ET-DC@eyJkeW5hbWljIjp0cnVlLCJjb250ZW50IjoicG9zdF90aXRsZSIsInNldHRpbmdzIjp7ImJlZm9yZSI6IjxoMT4iLCJhZnRlciI6IjxcL2gxPiJ9fQ==@[\/et_pb_text][\/et_pb_column][et_pb_column type=\u00a0\u00bb1_2&Prime; _builder_version=\u00a0\u00bb4.24.2&Prime; _module_preset=\u00a0\u00bbdefault\u00a0\u00bb background_image=\u00a0\u00bbhttps:\/\/silverbooks.eu\/wp-content\/uploads\/2023\/04\/caregiver-and-patient.jpg\u00a0\u00bb custom_padding=\u00a0\u00bb||50%||false|false\u00a0\u00bb custom_padding_tablet=\u00a0\u00bb||100%||false|false\u00a0\u00bb custom_padding_phone=\u00a0\u00bb||100%||false|false\u00a0\u00bb custom_padding_last_edited=\u00a0\u00bbon|tablet\u00a0\u00bb global_colors_info=\u00a0\u00bb{}\u00a0\u00bb][et_pb_code raw_content_tablet=\u00a0\u00bb%91lesapprimeurs_keycap key=%22S%22 style=%22color:var(&#8211;brown); font-size:120px;%22%93&Prime; raw_content_phone=\u00a0\u00bb%91lesapprimeurs_keycap key=%22S%22 style=%22color:var(&#8211;brown); font-size:14.5vw;%22%93&Prime; raw_content_last_edited=\u00a0\u00bbon|phone\u00a0\u00bb module_class=\u00a0\u00bbhome-sub__keycap1&Prime; _builder_version=\u00a0\u00bb4.24.2&Prime; _module_preset=\u00a0\u00bbdefault\u00a0\u00bb transform_translate=\u00a0\u00bb-50%|0px\u00a0\u00bb transform_translate_linked=\u00a0\u00bboff\u00a0\u00bb transform_rotate=\u00a0\u00bb0deg|0deg|-45deg\u00a0\u00bb positioning=\u00a0\u00bbabsolute\u00a0\u00bb vertical_offset=\u00a0\u00bb16%\u00a0\u00bb hover_enabled=\u00a0\u00bb0&Prime; locked=\u00a0\u00bboff\u00a0\u00bb global_colors_info=\u00a0\u00bb{}\u00a0\u00bb sticky_enabled=\u00a0\u00bb0&Prime;]<div class=\"keycap\" data-key=\"S\" style=\"color:var(--brown); font-size:120px;\">    <svg class=\"icon icon-keycap\">        <use xlink:href=\"#icon-keycap\"><\/use>    <\/svg><\/div>[\/et_pb_code][et_pb_code raw_content_tablet=\u00a0\u00bb%91lesapprimeurs_keycap key=%22B%22 style=%22color:var(&#8211;brown); font-size:120px;%22%93&Prime; raw_content_phone=\u00a0\u00bb%91lesapprimeurs_keycap key=%22B%22 style=%22color:var(&#8211;brown); font-size:14.5vw;%22%93&Prime; raw_content_last_edited=\u00a0\u00bbon|phone\u00a0\u00bb module_class=\u00a0\u00bbhome-sub__keycap2&Prime; _builder_version=\u00a0\u00bb4.24.2&Prime; _module_preset=\u00a0\u00bbdefault\u00a0\u00bb transform_translate=\u00a0\u00bb50%|0px\u00a0\u00bb transform_translate_linked=\u00a0\u00bboff\u00a0\u00bb positioning=\u00a0\u00bbabsolute\u00a0\u00bb position_origin_a=\u00a0\u00bbbottom_right\u00a0\u00bb vertical_offset=\u00a0\u00bb16%\u00a0\u00bb hover_enabled=\u00a0\u00bb0&Prime; locked=\u00a0\u00bboff\u00a0\u00bb global_colors_info=\u00a0\u00bb{}\u00a0\u00bb sticky_enabled=\u00a0\u00bb0&Prime;]<div class=\"keycap\" data-key=\"B\" style=\"color:var(--brown); font-size:120px;\">    <svg class=\"icon icon-keycap\">        <use xlink:href=\"#icon-keycap\"><\/use>    <\/svg><\/div>[\/et_pb_code][\/et_pb_column][\/et_pb_row][et_pb_row column_structure=\u00a0\u00bb1_3,2_3&Prime; use_custom_gutter=\u00a0\u00bbon\u00a0\u00bb gutter_width=\u00a0\u00bb1&Prime; make_equal=\u00a0\u00bbon\u00a0\u00bb disabled_on=\u00a0\u00bboff|off|off\u00a0\u00bb _builder_version=\u00a0\u00bb4.24.2&Prime; _module_preset=\u00a0\u00bbdefault\u00a0\u00bb background_enable_image=\u00a0\u00bboff\u00a0\u00bb custom_margin=\u00a0\u00bb100px||0px||false|false\u00a0\u00bb custom_margin_tablet=\u00a0\u00bb8%||||false|false\u00a0\u00bb custom_margin_phone=\u00a0\u00bb8%||||false|false\u00a0\u00bb custom_margin_last_edited=\u00a0\u00bbon|desktop\u00a0\u00bb custom_padding=\u00a0\u00bb0px||0px||true|false\u00a0\u00bb hover_enabled=\u00a0\u00bb0&Prime; locked=\u00a0\u00bboff\u00a0\u00bb global_colors_info=\u00a0\u00bb{}\u00a0\u00bb sticky_enabled=\u00a0\u00bb0&Prime;][et_pb_column type=\u00a0\u00bb1_3&Prime; _builder_version=\u00a0\u00bb4.24.2&Prime; _module_preset=\u00a0\u00bbdefault\u00a0\u00bb custom_padding=\u00a0\u00bb||||false|false\u00a0\u00bb custom_padding_tablet=\u00a0\u00bb||100%||false|false\u00a0\u00bb custom_padding_phone=\u00a0\u00bb||100%||false|false\u00a0\u00bb custom_padding_last_edited=\u00a0\u00bboff|desktop\u00a0\u00bb hover_enabled=\u00a0\u00bb0&Prime; global_colors_info=\u00a0\u00bb{}\u00a0\u00bb sticky_enabled=\u00a0\u00bb0&Prime;][et_pb_image title_text=\u00a0\u00bbimplementation-guide_fr\u00a0\u00bb module_class=\u00a0\u00bbimplementation-guide\u00a0\u00bb _builder_version=\u00a0\u00bb4.24.2&Prime; _module_preset=\u00a0\u00bbdefault\u00a0\u00bb use_background_color_gradient=\u00a0\u00bbon\u00a0\u00bb background_color_gradient_direction=\u00a0\u00bb45deg\u00a0\u00bb background_color_gradient_stops=\u00a0\u00bb#e6e7eb 0%|#ebd49b 100%\u00a0\u00bb background_image=\u00a0\u00bbhttps:\/\/silverbooks.eu\/wp-content\/uploads\/2024\/03\/implementation-guide_fr.png\u00a0\u00bb background_size=\u00a0\u00bbcontain\u00a0\u00bb height=\u00a0\u00bb0px\u00a0\u00bb custom_padding=\u00a0\u00bb100%||||false|false\u00a0\u00bb hover_enabled=\u00a0\u00bb0&Prime; global_colors_info=\u00a0\u00bb{}\u00a0\u00bb sticky_enabled=\u00a0\u00bb0&Prime;][\/et_pb_image][et_pb_code module_class=\u00a0\u00bbbtn-download\u00a0\u00bb _builder_version=\u00a0\u00bb4.24.2&Prime; _module_preset=\u00a0\u00bbdefault\u00a0\u00bb background_color=\u00a0\u00bb#4B4B4C\u00a0\u00bb custom_padding=\u00a0\u00bb20px|30px|20px|30px|true|true\u00a0\u00bb link_option_url=\u00a0\u00bb\/wp-content\/uploads\/2024\/03\/Silver-Books-implementation-guide-FR.pdf\u00a0\u00bb link_option_url_new_window=\u00a0\u00bbon\u00a0\u00bb global_colors_info=\u00a0\u00bb{}\u00a0\u00bb]T\u00e9l\u00e9charger[\/et_pb_code][\/et_pb_column][et_pb_column type=\u00a0\u00bb2_3&Prime; _builder_version=\u00a0\u00bb4.24.2&Prime; _module_preset=\u00a0\u00bbdefault\u00a0\u00bb custom_padding=\u00a0\u00bb||||false|false\u00a0\u00bb custom_padding_tablet=\u00a0\u00bb||100%||false|false\u00a0\u00bb custom_padding_phone=\u00a0\u00bb||100%||false|false\u00a0\u00bb custom_padding_last_edited=\u00a0\u00bboff|desktop\u00a0\u00bb hover_enabled=\u00a0\u00bb0&Prime; global_colors_info=\u00a0\u00bb{}\u00a0\u00bb sticky_enabled=\u00a0\u00bb0&Prime;][et_pb_text _builder_version=\u00a0\u00bb4.24.2&Prime; _module_preset=\u00a0\u00bbdefault\u00a0\u00bb hover_enabled=\u00a0\u00bb0&Prime; sticky_enabled=\u00a0\u00bb0&Prime; max_width=\u00a0\u00bb760px\u00a0\u00bb custom_padding_last_edited=\u00a0\u00bbon|tablet\u00a0\u00bb custom_padding=\u00a0\u00bb|||100px|false|false\u00a0\u00bb custom_padding_tablet=\u00a0\u00bb50px|||0px|false|false\u00a0\u00bb custom_padding_phone=\u00a0\u00bb50px|||0px|false|false\u00a0\u00bb]<\/p>\n<p>Le guide de mise en \u0153uvre est un r\u00e9sum\u00e9 des r\u00e9sultats que nous avons obtenus au cours du projet.<\/p>\n<p>Ce guide comprend des bonnes pratiques sur la mani\u00e8re d&rsquo;impliquer le groupe cible dans un processus cr\u00e9atif au moyen d\u2019outils num\u00e9riques, des conseils sur la mani\u00e8re de partager et de transmettre son savoir-faire et ses exp\u00e9riences, ainsi que des informations utiles pour am\u00e9liorer les comp\u00e9tences relationnelles, l&#8217;empathie et les comp\u00e9tences num\u00e9riques des professionnels qui accompagnent les personnes \u00e2g\u00e9es.<\/p>\n<p>[\/et_pb_text][\/et_pb_column][\/et_pb_row][\/et_pb_section]<\/p>\n","protected":false},"excerpt":{"rendered":"<p><div class=\"keycap\" data-key=\"S\" style=\"color:var(--brown); font-size:120px;\">    <svg class=\"icon icon-keycap\">        <use xlink:href=\"#icon-keycap\"><\/use>    <\/svg><\/div><div class=\"keycap\" data-key=\"B\" style=\"color:var(--brown); font-size:120px;\">    <svg class=\"icon icon-keycap\">        <use xlink:href=\"#icon-keycap\"><\/use>    <\/svg><\/div>Le guide de mise en \u0153uvre est un r\u00e9sum\u00e9 des r\u00e9sultats que nous avons obtenus au cours du projet. Ce guide comprend des bonnes pratiques sur la mani\u00e8re d&rsquo;impliquer le groupe cible dans un processus cr\u00e9atif au moyen d\u2019outils num\u00e9riques, des conseils sur la mani\u00e8re de partager et de [&hellip;]<\/p>\n","protected":false},"author":1,"featured_media":0,"parent":0,"menu_order":0,"comment_status":"closed","ping_status":"closed","template":"","meta":{"_acf_changed":false,"_et_pb_use_builder":"on","_et_pb_old_content":"","_et_gb_content_width":"","footnotes":""},"class_list":["post-2312","page","type-page","status-publish","hentry"],"acf":[],"_links":{"self":[{"href":"https:\/\/silverbooks.eu\/fr\/wp-json\/wp\/v2\/pages\/2312","targetHints":{"allow":["GET"]}}],"collection":[{"href":"https:\/\/silverbooks.eu\/fr\/wp-json\/wp\/v2\/pages"}],"about":[{"href":"https:\/\/silverbooks.eu\/fr\/wp-json\/wp\/v2\/types\/page"}],"author":[{"embeddable":true,"href":"https:\/\/silverbooks.eu\/fr\/wp-json\/wp\/v2\/users\/1"}],"replies":[{"embeddable":true,"href":"https:\/\/silverbooks.eu\/fr\/wp-json\/wp\/v2\/comments?post=2312"}],"version-history":[{"count":10,"href":"https:\/\/silverbooks.eu\/fr\/wp-json\/wp\/v2\/pages\/2312\/revisions"}],"predecessor-version":[{"id":2444,"href":"https:\/\/silverbooks.eu\/fr\/wp-json\/wp\/v2\/pages\/2312\/revisions\/2444"}],"wp:attachment":[{"href":"https:\/\/silverbooks.eu\/fr\/wp-json\/wp\/v2\/media?parent=2312"}],"curies":[{"name":"wp","href":"https:\/\/api.w.org\/{rel}","templated":true}]}}